{"id":1100,"date":"2018-10-11T12:38:55","date_gmt":"2018-10-11T12:38:55","guid":{"rendered":"http:\/\/smilte.edge-themes.com\/?page_id=1100"},"modified":"2023-08-17T13:28:17","modified_gmt":"2023-08-17T11:28:17","slug":"about-me","status":"publish","type":"page","link":"http:\/\/www.buerobrendel.de\/?page_id=1100","title":{"rendered":"BB_02_Leistungen"},"content":{"rendered":"<p>[vc_row parallax_background_image=&#8220;4325&#8243; parallax_bg_height=&#8220;494&#8243;][vc_column offset=&#8220;vc_col-lg-12 vc_col-md-12 vc_col-xs-12 vc_hidden-xs&#8220;]<div class=\"edgtf-elements-holder   edgtf-one-column  edgtf-responsive-mode-768 \" ><div class=\"edgtf-eh-item    \"  data-item-class=\"edgtf-eh-custom-9799\" data-1367-1600=\"134px 0 100px 17%\" data-1025-1366=\"129px 0 220px 9%\" data-769-1024=\"254px 0 219px 12%\" data-681-768=\"365px 0 364px 19%\" data-680=\"223px 0 224px 12%\">\n\t<div class=\"edgtf-eh-item-inner\">\n\t\t<div class=\"edgtf-eh-item-content edgtf-eh-custom-9799\" style=\"padding: 134px 0 100px 17%\">\n\t\t\t<h2 class=\"edgtf-custom-font-holder  edgtf-cf-8590  \" style=\"font-family: Open Sans;font-size: 85px;line-height: 175px;font-weight: 700;text-align: left\" data-item-class=\"edgtf-cf-8590\" data-font-size-680=\"60px\" data-line-height-680=\"100px\">\n\tWas ich anbiete<\/h2>\t\t<\/div>\n\t<\/div>\n<\/div><\/div>[\/vc_column][\/vc_row][vc_row][vc_column css=&#8220;.vc_custom_1691153443782{padding-top: 0px !important;}&#8220;][vc_row_inner row_content_width=&#8220;grid&#8220; css=&#8220;.vc_custom_1539263988113{padding-top: 148px !important;padding-bottom: 152px !important;}&#8220;][vc_column_inner offset=&#8220;vc_col-lg-6 vc_col-md-12&#8243;]<div class=\"edgtf-section-title-holder  edgtf-st-enable-indentation edgtf-st-enable-title-mark\" >\n\t<div class=\"edgtf-st-inner\">\n\t\t\t\t\t<h6 class=\"edgtf-st-title\" >\n\t\t\t\tkurz gesagt\t\t\t<\/h6>\n\t\t\t\t\t\t\t<h3 class=\"edgtf-st-text\" >\n\t\t\t\tMein Schwerpunkt liegt im Gestalten von Printprodukten und im Erstellen von Infografiken.\t\t\t<\/h3>\n\t\t\t<\/div>\n<\/div>[vc_empty_space height=&#8220;56px&#8220;][\/vc_column_inner][vc_column_inner offset=&#8220;vc_col-lg-6 vc_col-md-12&#8243;]<div class=\"edgtf-elements-holder   edgtf-one-column  edgtf-responsive-mode-768 \" ><div class=\"edgtf-eh-item    \"  data-item-class=\"edgtf-eh-custom-7742\" data-769-1024=\"80px 11% 0 0\" data-681-768=\"65px 0 0 0\" data-680=\"75px 0 0 0\">\n\t<div class=\"edgtf-eh-item-inner\">\n\t\t<div class=\"edgtf-eh-item-content edgtf-eh-custom-7742\" style=\"padding: 49px 0 0 0\">\n\t\t\t[vc_column_text]<span style=\"font-size: 18px; line-height: 26px;\">Grafikdesign besteht viel im Entwerfen und Ausarbeiten am Bildschirm. Grafikdesign hei\u00dft aber auch Kunden zu treffen und herauszuh\u00f6ren, wie sich deren Vorstellungen handwerklich sauber umsetzen lassen. Es hei\u00dft andere Kreative f\u00fcr Projekte ausfindig machen, oder als Teil eines interdisziplin\u00e4ren Teams zu arbeiten, um ein Projekt mit guter Laune und ohne Stress zum Gelingen zu bringen.<\/span><\/p>\n<p><span style=\"font-size: 18px; line-height: 26px;\">Konkret biete ich folgendes an:<\/span>[\/vc_column_text][vc_empty_space height=&#8220;13px&#8220;][vc_column_text]\u2014 Art Direction bei Fotoproduktionen<br \/>\n\u2014 Bildbearbeitung und -retusche<br \/>\n\u2014 Bildredaktion und -recherche<br \/>\n\u2014 Buch- und Kataloggestaltung<br \/>\n\u2014 Covergestaltung (ggfs. inkl. Illustration)<br \/>\n\u2014 Druckbetreuung<br \/>\n\u2014 Editorial Design<br \/>\n\u2014 Entwicklung von Farbkonzepten<br \/>\n\u2014 Erstellen von Styleguides und Design-Manuals<br \/>\n\u2014 Grundlayouts f\u00fcr Buch- und Magazinreihen<br \/>\n\u2014 Implementierung neuer Corporate Designs<br \/>\n\u2014 Infografiken und Diagramme<br \/>\n\u2014 Konzeption und Zeichnen von Signets<br \/>\n\u2014 Neuentwicklung und Redesign von Logos<br \/>\n\u2014 PowerPoint-Templates<br \/>\n\u2014 Redesign und Neukonzeption<br \/>\n\u2014 Reinzeichnung und Druckdatenerstellung<br \/>\n\u2014 Satz- und Layoutarbeiten<br \/>\n\u2014 \u00dcberarbeiten von Pr\u00e4sentations-PDFs[\/vc_column_text]\t\t<\/div>\n\t<\/div>\n<\/div><\/div>[\/vc_column_inner][\/vc_row_inner][\/vc_column][\/vc_row]<\/p>\n","protected":false},"excerpt":{"rendered":"<p>[vc_row parallax_background_image=&#8220;4325&#8243; parallax_bg_height=&#8220;494&#8243;][vc_column offset=&#8220;vc_col-lg-12 vc_col-md-12 vc_col-xs-12 vc_hidden-xs&#8220;][\/vc_column][\/vc_row][vc_row][vc_column css=&#8220;.vc_custom_1691153443782{padding-top: 0px !important;}&#8220;][vc_row_inner row_content_width=&#8220;grid&#8220; css=&#8220;.vc_custom_1539263988113{padding-top: 148px !important;padding-bottom: 152px !important;}&#8220;][vc_column_inner offset=&#8220;vc_col-lg-6 vc_col-md-12&#8243;][vc_empty_space height=&#8220;56px&#8220;][\/vc_column_inner][vc_column_inner offset=&#8220;vc_col-lg-6 vc_col-md-12&#8243;][\/vc_column_inner][\/vc_row_inner][\/vc_column][\/vc_row]<\/p>\n","protected":false},"author":1,"featured_media":0,"parent":0,"menu_order":0,"comment_status":"closed","ping_status":"closed","template":"full-width.php","meta":{"footnotes":""},"class_list":["post-1100","page","type-page","status-publish","hentry"],"_links":{"self":[{"href":"http:\/\/www.buerobrendel.de\/index.php?rest_route=\/wp\/v2\/pages\/1100","targetHints":{"allow":["GET"]}}],"collection":[{"href":"http:\/\/www.buerobrendel.de\/index.php?rest_route=\/wp\/v2\/pages"}],"about":[{"href":"http:\/\/www.buerobrendel.de\/index.php?rest_route=\/wp\/v2\/types\/page"}],"author":[{"embeddable":true,"href":"http:\/\/www.buerobrendel.de\/index.php?rest_route=\/wp\/v2\/users\/1"}],"replies":[{"embeddable":true,"href":"http:\/\/www.buerobrendel.de\/index.php?rest_route=%2Fwp%2Fv2%2Fcomments&post=1100"}],"version-history":[{"count":23,"href":"http:\/\/www.buerobrendel.de\/index.php?rest_route=\/wp\/v2\/pages\/1100\/revisions"}],"predecessor-version":[{"id":5216,"href":"http:\/\/www.buerobrendel.de\/index.php?rest_route=\/wp\/v2\/pages\/1100\/revisions\/5216"}],"wp:attachment":[{"href":"http:\/\/www.buerobrendel.de\/index.php?rest_route=%2Fwp%2Fv2%2Fmedia&parent=1100"}],"curies":[{"name":"wp","href":"https:\/\/api.w.org\/{rel}","templated":true}]}}