{"id":4351,"date":"2023-07-27T20:11:54","date_gmt":"2023-07-27T18:11:54","guid":{"rendered":"http:\/\/www.buerobrendel.de\/?page_id=4351"},"modified":"2023-09-15T13:35:32","modified_gmt":"2023-09-15T11:35:32","slug":"bb_03_profil","status":"publish","type":"page","link":"http:\/\/www.buerobrendel.de\/?page_id=4351","title":{"rendered":"BB_03_Profil"},"content":{"rendered":"<p>[vc_row background_image_repeat=&#8220;&#8220; background_image_size=&#8220;&#8220; background_image_attachment=&#8220;&#8220; disable_background_image=&#8220;&#8220; simple_background_image=&#8220;4368&#8243;][vc_column offset=&#8220;vc_col-lg-12 vc_col-md-12 vc_col-xs-12 vc_hidden-xs&#8220;]<div class=\"edgtf-elements-holder   edgtf-one-column  edgtf-responsive-mode-768 \" ><div class=\"edgtf-eh-item    \"  data-item-class=\"edgtf-eh-custom-9026\" data-1367-1600=\"134px 0 100px 17%\" data-1025-1366=\"129px 0 220px 9%\" data-769-1024=\"254px 0 219px 12%\" data-681-768=\"365px 0 364px 19%\" data-680=\"223px 0 224px 12%\">\n\t<div class=\"edgtf-eh-item-inner\">\n\t\t<div class=\"edgtf-eh-item-content edgtf-eh-custom-9026\" style=\"padding: 134px 0 100px 17%\">\n\t\t\t<h2 class=\"edgtf-custom-font-holder  edgtf-cf-3800  \" style=\"font-family: Open Sans;font-size: 85px;line-height: 175px;font-weight: 700;text-align: left\" data-item-class=\"edgtf-cf-3800\" data-font-size-680=\"60px\" data-line-height-680=\"100px\">\n\tWie ich arbeite<\/h2>\t\t<\/div>\n\t<\/div>\n<\/div><\/div>[\/vc_column][\/vc_row][vc_row][vc_column][vc_row_inner row_content_width=&#8220;grid&#8220; css=&#8220;.vc_custom_1539263988113{padding-top: 148px !important;padding-bottom: 152px !important;}&#8220;][vc_column_inner offset=&#8220;vc_col-lg-6 vc_col-md-12&#8243;]<div class=\"edgtf-section-title-holder  edgtf-st-enable-indentation edgtf-st-enable-title-mark\" >\n\t<div class=\"edgtf-st-inner\">\n\t\t\t\t\t<h6 class=\"edgtf-st-title\" >\n\t\t\t\tkurz gesagt\t\t\t<\/h6>\n\t\t\t\t\t\t\t<h3 class=\"edgtf-st-text\" >\n\t\t\t\tMein Ziel sind klare L\u00f6sungen, die den Inhalt so verst\u00e4ndlich wie zug\u00e4nglich machen. Mit viel typografischer Sorgfalt und einer zuverl\u00e4ssigen Projektabwicklung.\t\t\t<\/h3>\n\t\t\t<\/div>\n<\/div>[vc_empty_space height=&#8220;56px&#8220;][\/vc_column_inner][vc_column_inner offset=&#8220;vc_col-lg-6 vc_col-md-12&#8243;]<div class=\"edgtf-elements-holder   edgtf-one-column  edgtf-responsive-mode-768 \" ><div class=\"edgtf-eh-item    \"  data-item-class=\"edgtf-eh-custom-9226\" data-769-1024=\"80px 11% 0 0\" data-681-768=\"65px 0 0 0\" data-680=\"75px 0 0 0\">\n\t<div class=\"edgtf-eh-item-inner\">\n\t\t<div class=\"edgtf-eh-item-content edgtf-eh-custom-9226\" style=\"padding: 49px 0 0 0\">\n\t\t\t[vc_column_text]<span style=\"font-size: 18px; line-height: 26px;\">Meine Arbeitsweise zeichnet sich durch ehrliches Interesse an jedem Projekt aus. Am Anfang steht das gr\u00fcndliche Briefing: was ist im Kern die Botschaft, was eher nachgeordnet? Das f\u00fchrt zu einem ma\u00dfgeschneiderten Layout, bei dem auch ein kleines Konzept durchschimmern\u2009darf \u2014 nicht zu verkopft, sondern freundlich Orientierung gebend. Dies kann dann mit passenden Bild-Text-Kombinationen, abgestimmten Sonderelementen oder mit stillem Witz bespielt werden. Oder einfach mit allem! <\/span><\/p>\n<p><span style=\"font-size: 18px; line-height: 26px;\">Eine kleine Auswahl meiner bisherigen Auftraggeber:<br \/>\n<\/span>[\/vc_column_text][vc_empty_space height=&#8220;13px&#8220;][vc_column_text]\u2014 Bildungswerk f\u00fcr Sch\u00fclervertretungsarbeit in Deutschland e.\u2009V., Berlin<br \/>\n\u2014 Bundesverband Deutscher Stiftungen, Berlin<br \/>\n\u2014 DaimlerChrysler, Berlin<br \/>\n\u2014 Deutsche Gesellschaft f\u00fcr Erziehungswissenschaften, Hamburg<br \/>\n\u2014 Deutsche Universit\u00e4ts Zeitung, Berlin<br \/>\n\u2014 EDUCATION \u2009Y, D\u00fcsseldorf<br \/>\n\u2014 Einstein Stiftung Berlin<br \/>\n\u2014 Hochschule Bremen<br \/>\n\u2014 IDZ Design Partner GmbH, Berlin<br \/>\n\u2014 Linotype Library, Bad Homburg<br \/>\n\u2014 Lutherhaus Wittenberg<br \/>\n\u2014 McKinsey &amp; Company, D\u00fcsseldorf<br \/>\n\u2014 Museum der Arbeit, Hamburg<br \/>\n\u2014 Raabe Fachverlag, Berlin<br \/>\n\u2014 Senatsverwaltung f\u00fcr Bildung, Wissenschaft und Forschung, Berlin<br \/>\n\u2014 Sparkassen-Finanzportal GmbH, Berlin<br \/>\n\u2014 SPIEGEL-Verlag, Hamburg<br \/>\n\u2014 Stiftung Warentest, Berlin<br \/>\n\u2014 TASCHEN Verlag, K\u00f6ln<br \/>\n\u2014 Theater Hebbel am Ufer, Berlin<br \/>\n\u2014 Th\u00fcringer Landgesellschaft mbH<br \/>\n\u2014 Vegetarierbund Deutschland e. V.<br \/>\n\u2014 Volksb\u00fchne, Berlin[\/vc_column_text]\t\t<\/div>\n\t<\/div>\n<\/div><\/div>[\/vc_column_inner][\/vc_row_inner][\/vc_column][\/vc_row][vc_row row_content_width=&#8220;grid&#8220; css=&#8220;.vc_custom_1539271915570{padding-bottom: 53px !important;}&#8220;][vc_column]<div class=\"edgtf-section-title-holder  edgtf-st-enable-indentation edgtf-st-enable-title-mark\" >\n\t<div class=\"edgtf-st-inner\">\n\t\t\t\t\t<h6 class=\"edgtf-st-title\" >\n\t\t\t\tschwerpunkte\t\t\t<\/h6>\n\t\t\t\t\t<\/div>\n<\/div>[\/vc_column][\/vc_row][vc_row row_content_width=&#8220;grid&#8220; content_text_aligment=&#8220;center&#8220; css=&#8220;.vc_custom_1540804324297{padding-right: 15px !important;padding-bottom: 159px !important;padding-left: 15px !important;}&#8220;][vc_column width=&#8220;1\/2&#8243; css=&#8220;.vc_custom_1539272157425{padding-right: 0px !important;padding-left: 0px !important;}&#8220; offset=&#8220;vc_col-lg-3 vc_col-md-6 vc_col-xs-12&#8243;]<div class=\"edgtf-team-holder edgtf-team-info-on-image\">\n\t<div class=\"edgtf-team-inner\">\n\t\t\t\t\t<div class=\"edgtf-team-image\">\n                <img loading=\"lazy\" decoding=\"async\" width=\"800\" height=\"800\" src=\"http:\/\/www.buerobrendel.de\/wp-content\/uploads\/2023\/07\/00_Profil_A_Icons_01.jpg\" class=\"attachment-full size-full\" alt=\"\" srcset=\"http:\/\/www.buerobrendel.de\/wp-content\/uploads\/2023\/07\/00_Profil_A_Icons_01.jpg 800w, http:\/\/www.buerobrendel.de\/wp-content\/uploads\/2023\/07\/00_Profil_A_Icons_01-300x300.jpg 300w, http:\/\/www.buerobrendel.de\/wp-content\/uploads\/2023\/07\/00_Profil_A_Icons_01-150x150.jpg 150w, http:\/\/www.buerobrendel.de\/wp-content\/uploads\/2023\/07\/00_Profil_A_Icons_01-768x768.jpg 768w, http:\/\/www.buerobrendel.de\/wp-content\/uploads\/2023\/07\/00_Profil_A_Icons_01-650x650.jpg 650w\" sizes=\"auto, (max-width: 800px) 100vw, 800px\" \/>\t\t\t\t<div class=\"edgtf-team-social-wrapper\">\n\t\t\t\t\t<div class=\"edgtf-team-social-outer\">\n\t\t\t\t\t\t<div class=\"edgtf-team-social-inner\">\n\t\t\t\t\t\t\t\t\t\t\t\t\t\t\t<h4 class=\"edgtf-team-name\" >Icons + Signets<\/h4>\n\t\t\t\t\t\t\t\t\t\t\t\t\t\t\t\t\t\t\t\t\t\t\t\t\t\t\t\t\t\t\t\t\t\t\t\t\t\t\t\t\t\t\t\t\t<div class=\"edgtf-team-social-plain-holder\">\n\t\t\t\t\t\t\t\t\t\t\t\t\t\t\t\t\t\t\t\t\t<span class=\"edgtf-team-item\">\n\t\t\t\t\t\t\t\t\t\t\t\t\t\t\t\t\t\t\t\t\t\t\t\t\t<a itemprop=\"url\" class=\"edgtf-team-item-link\" href=\"http:\/\/www.buerobrendel.de\/?page_id=4866\" target=\"\">\n\t\t\t\t\t\t\t\t\t\t\t\t\t\t\t\t\t\t\t\t\t\t\t\t\t<span class=\"edgtf-team-item-text\">mehr dazu\u2026<\/span>\n\t\t\t\t\t\t\t\t\t\t\t\t\t\t\t\t\t\t\t\t\t\t\t\t\t<\/a>\n\t\t\t\t\t\t\t\t\t\t\t\t\t\t\t\t\t\t\t\t\t\t\t<\/span>\n\t\t\t\t\t\t\t\t\t\t\t\t\t\t\t\t\t\t\t<\/div>\n\t\t\t\t\t\t\t\t\t\t\t\t\t\t\t\t\t\t\t\t\t<\/div>\n\t\t\t\t\t<\/div>\n\t\t\t\t<\/div>\n\t\t\t<\/div>\n\t\t\t<\/div>\n<\/div>[\/vc_column][vc_column width=&#8220;1\/2&#8243; css=&#8220;.vc_custom_1539271645847{padding-right: 0px !important;padding-left: 0px !important;}&#8220; offset=&#8220;vc_col-lg-3 vc_col-md-6 vc_col-xs-12&#8243;]<div class=\"edgtf-team-holder edgtf-team-info-on-image\">\n\t<div class=\"edgtf-team-inner\">\n\t\t\t\t\t<div class=\"edgtf-team-image\">\n                <img loading=\"lazy\" decoding=\"async\" width=\"800\" height=\"800\" src=\"http:\/\/www.buerobrendel.de\/wp-content\/uploads\/2023\/07\/00_Profil_B_Infografiken_01.jpg\" class=\"attachment-full size-full\" alt=\"\" srcset=\"http:\/\/www.buerobrendel.de\/wp-content\/uploads\/2023\/07\/00_Profil_B_Infografiken_01.jpg 800w, http:\/\/www.buerobrendel.de\/wp-content\/uploads\/2023\/07\/00_Profil_B_Infografiken_01-300x300.jpg 300w, http:\/\/www.buerobrendel.de\/wp-content\/uploads\/2023\/07\/00_Profil_B_Infografiken_01-150x150.jpg 150w, http:\/\/www.buerobrendel.de\/wp-content\/uploads\/2023\/07\/00_Profil_B_Infografiken_01-768x768.jpg 768w, http:\/\/www.buerobrendel.de\/wp-content\/uploads\/2023\/07\/00_Profil_B_Infografiken_01-650x650.jpg 650w\" sizes=\"auto, (max-width: 800px) 100vw, 800px\" \/>\t\t\t\t<div class=\"edgtf-team-social-wrapper\">\n\t\t\t\t\t<div class=\"edgtf-team-social-outer\">\n\t\t\t\t\t\t<div class=\"edgtf-team-social-inner\">\n\t\t\t\t\t\t\t\t\t\t\t\t\t\t\t<h4 class=\"edgtf-team-name\" >Infografiken<\/h4>\n\t\t\t\t\t\t\t\t\t\t\t\t\t\t\t\t\t\t\t\t\t\t\t\t\t\t\t\t\t\t\t\t\t\t\t\t\t\t\t\t\t\t\t\t\t<div class=\"edgtf-team-social-plain-holder\">\n\t\t\t\t\t\t\t\t\t\t\t\t\t\t\t\t\t\t\t\t\t<span class=\"edgtf-team-item\">\n\t\t\t\t\t\t\t\t\t\t\t\t\t\t\t\t\t\t\t\t\t\t\t\t\t<a itemprop=\"url\" class=\"edgtf-team-item-link\" href=\"http:\/\/www.buerobrendel.de\/?page_id=4882\" target=\"_blank\">\n\t\t\t\t\t\t\t\t\t\t\t\t\t\t\t\t\t\t\t\t\t\t\t\t\t<span class=\"edgtf-team-item-text\">mehr dazu\u2026<\/span>\n\t\t\t\t\t\t\t\t\t\t\t\t\t\t\t\t\t\t\t\t\t\t\t\t\t<\/a>\n\t\t\t\t\t\t\t\t\t\t\t\t\t\t\t\t\t\t\t\t\t\t\t<\/span>\n\t\t\t\t\t\t\t\t\t\t\t\t\t\t\t\t\t\t\t<\/div>\n\t\t\t\t\t\t\t\t\t\t\t\t\t\t\t\t\t\t\t\t\t<\/div>\n\t\t\t\t\t<\/div>\n\t\t\t\t<\/div>\n\t\t\t<\/div>\n\t\t\t<\/div>\n<\/div>[\/vc_column][vc_column width=&#8220;1\/2&#8243; css=&#8220;.vc_custom_1539271654421{padding-right: 0px !important;padding-left: 0px !important;}&#8220; offset=&#8220;vc_col-lg-3 vc_col-md-6 vc_col-xs-12&#8243;]<div class=\"edgtf-team-holder edgtf-team-info-on-image\">\n\t<div class=\"edgtf-team-inner\">\n\t\t\t\t\t<div class=\"edgtf-team-image\">\n                <img loading=\"lazy\" decoding=\"async\" width=\"800\" height=\"800\" src=\"http:\/\/www.buerobrendel.de\/wp-content\/uploads\/2023\/07\/00_Profil_C_Bildrecherche_01.jpg\" class=\"attachment-full size-full\" alt=\"\" srcset=\"http:\/\/www.buerobrendel.de\/wp-content\/uploads\/2023\/07\/00_Profil_C_Bildrecherche_01.jpg 800w, http:\/\/www.buerobrendel.de\/wp-content\/uploads\/2023\/07\/00_Profil_C_Bildrecherche_01-300x300.jpg 300w, http:\/\/www.buerobrendel.de\/wp-content\/uploads\/2023\/07\/00_Profil_C_Bildrecherche_01-150x150.jpg 150w, http:\/\/www.buerobrendel.de\/wp-content\/uploads\/2023\/07\/00_Profil_C_Bildrecherche_01-768x768.jpg 768w, http:\/\/www.buerobrendel.de\/wp-content\/uploads\/2023\/07\/00_Profil_C_Bildrecherche_01-650x650.jpg 650w\" sizes=\"auto, (max-width: 800px) 100vw, 800px\" \/>\t\t\t\t<div class=\"edgtf-team-social-wrapper\">\n\t\t\t\t\t<div class=\"edgtf-team-social-outer\">\n\t\t\t\t\t\t<div class=\"edgtf-team-social-inner\">\n\t\t\t\t\t\t\t\t\t\t\t\t\t\t\t<h4 class=\"edgtf-team-name\" >Bildrecherche<\/h4>\n\t\t\t\t\t\t\t\t\t\t\t\t\t\t\t\t\t\t\t\t\t\t\t\t\t\t\t\t\t\t\t\t\t\t\t\t\t\t\t\t\t\t\t\t\t<div class=\"edgtf-team-social-plain-holder\">\n\t\t\t\t\t\t\t\t\t\t\t\t\t\t\t\t\t\t\t\t\t<span class=\"edgtf-team-item\">\n\t\t\t\t\t\t\t\t\t\t\t\t\t\t\t\t\t\t\t\t\t\t\t\t\t<a itemprop=\"url\" class=\"edgtf-team-item-link\" href=\"http:\/\/www.buerobrendel.de\/?page_id=4893\" target=\"_blank\">\n\t\t\t\t\t\t\t\t\t\t\t\t\t\t\t\t\t\t\t\t\t\t\t\t\t<span class=\"edgtf-team-item-text\">mehr dazu\u2026<\/span>\n\t\t\t\t\t\t\t\t\t\t\t\t\t\t\t\t\t\t\t\t\t\t\t\t\t<\/a>\n\t\t\t\t\t\t\t\t\t\t\t\t\t\t\t\t\t\t\t\t\t\t\t<\/span>\n\t\t\t\t\t\t\t\t\t\t\t\t\t\t\t\t\t\t\t<\/div>\n\t\t\t\t\t\t\t\t\t\t\t\t\t\t\t\t\t\t\t\t\t<\/div>\n\t\t\t\t\t<\/div>\n\t\t\t\t<\/div>\n\t\t\t<\/div>\n\t\t\t<\/div>\n<\/div>[\/vc_column][vc_column width=&#8220;1\/2&#8243; css=&#8220;.vc_custom_1539271660995{padding-right: 0px !important;padding-left: 0px !important;}&#8220; offset=&#8220;vc_col-lg-3 vc_col-md-6 vc_col-xs-12&#8243;]<div class=\"edgtf-team-holder edgtf-team-info-on-image\">\n\t<div class=\"edgtf-team-inner\">\n\t\t\t\t\t<div class=\"edgtf-team-image\">\n                <img loading=\"lazy\" decoding=\"async\" width=\"800\" height=\"800\" src=\"http:\/\/www.buerobrendel.de\/wp-content\/uploads\/2023\/07\/00_Profil_D_Typografie_01.jpg\" class=\"attachment-full size-full\" alt=\"\" srcset=\"http:\/\/www.buerobrendel.de\/wp-content\/uploads\/2023\/07\/00_Profil_D_Typografie_01.jpg 800w, http:\/\/www.buerobrendel.de\/wp-content\/uploads\/2023\/07\/00_Profil_D_Typografie_01-300x300.jpg 300w, http:\/\/www.buerobrendel.de\/wp-content\/uploads\/2023\/07\/00_Profil_D_Typografie_01-150x150.jpg 150w, http:\/\/www.buerobrendel.de\/wp-content\/uploads\/2023\/07\/00_Profil_D_Typografie_01-768x768.jpg 768w, http:\/\/www.buerobrendel.de\/wp-content\/uploads\/2023\/07\/00_Profil_D_Typografie_01-650x650.jpg 650w\" sizes=\"auto, (max-width: 800px) 100vw, 800px\" \/>\t\t\t\t<div class=\"edgtf-team-social-wrapper\">\n\t\t\t\t\t<div class=\"edgtf-team-social-outer\">\n\t\t\t\t\t\t<div class=\"edgtf-team-social-inner\">\n\t\t\t\t\t\t\t\t\t\t\t\t\t\t\t<h4 class=\"edgtf-team-name\" >Typografie<\/h4>\n\t\t\t\t\t\t\t\t\t\t\t\t\t\t\t\t\t\t\t\t\t\t\t\t\t\t\t\t\t\t\t\t\t\t\t\t\t\t\t\t\t\t\t\t\t<div class=\"edgtf-team-social-plain-holder\">\n\t\t\t\t\t\t\t\t\t\t\t\t\t\t\t\t\t\t\t\t\t<span class=\"edgtf-team-item\">\n\t\t\t\t\t\t\t\t\t\t\t\t\t\t\t\t\t\t\t\t\t\t\t\t\t<a itemprop=\"url\" class=\"edgtf-team-item-link\" href=\"http:\/\/www.buerobrendel.de\/?page_id=5235\" target=\"_blank\">\n\t\t\t\t\t\t\t\t\t\t\t\t\t\t\t\t\t\t\t\t\t\t\t\t\t<span class=\"edgtf-team-item-text\">mehr dazu\u2026<\/span>\n\t\t\t\t\t\t\t\t\t\t\t\t\t\t\t\t\t\t\t\t\t\t\t\t\t<\/a>\n\t\t\t\t\t\t\t\t\t\t\t\t\t\t\t\t\t\t\t\t\t\t\t<\/span>\n\t\t\t\t\t\t\t\t\t\t\t\t\t\t\t\t\t\t\t<\/div>\n\t\t\t\t\t\t\t\t\t\t\t\t\t\t\t\t\t\t\t\t\t<\/div>\n\t\t\t\t\t<\/div>\n\t\t\t\t<\/div>\n\t\t\t<\/div>\n\t\t\t<\/div>\n<\/div>[\/vc_column][\/vc_row]<\/p>\n","protected":false},"excerpt":{"rendered":"<p>[vc_row background_image_repeat=&#8220;&#8220; background_image_size=&#8220;&#8220; background_image_attachment=&#8220;&#8220; disable_background_image=&#8220;&#8220; simple_background_image=&#8220;4368&#8243;][vc_column offset=&#8220;vc_col-lg-12 vc_col-md-12 vc_col-xs-12 vc_hidden-xs&#8220;][\/vc_column][\/vc_row][vc_row][vc_column][vc_row_inner row_content_width=&#8220;grid&#8220; css=&#8220;.vc_custom_1539263988113{padding-top: 148px !important;padding-bottom: 152px !important;}&#8220;][vc_column_inner offset=&#8220;vc_col-lg-6 vc_col-md-12&#8243;][vc_empty_space height=&#8220;56px&#8220;][\/vc_column_inner][vc_column_inner offset=&#8220;vc_col-lg-6 vc_col-md-12&#8243;][\/vc_column_inner][\/vc_row_inner][\/vc_column][\/vc_row][vc_row row_content_width=&#8220;grid&#8220; css=&#8220;.vc_custom_1539271915570{padding-bottom: 53px !important;}&#8220;][vc_column][\/vc_column][\/vc_row][vc_row row_content_width=&#8220;grid&#8220; content_text_aligment=&#8220;center&#8220; css=&#8220;.vc_custom_1540804324297{padding-right: 15px !important;padding-bottom: 159px !important;padding-left: 15px !important;}&#8220;][vc_column width=&#8220;1\/2&#8243; css=&#8220;.vc_custom_1539272157425{padding-right: 0px !important;padding-left: 0px !important;}&#8220; offset=&#8220;vc_col-lg-3 vc_col-md-6 vc_col-xs-12&#8243;][\/vc_column][vc_column width=&#8220;1\/2&#8243; css=&#8220;.vc_custom_1539271645847{padding-right: 0px !important;padding-left: 0px !important;}&#8220; offset=&#8220;vc_col-lg-3 vc_col-md-6 vc_col-xs-12&#8243;][\/vc_column][vc_column width=&#8220;1\/2&#8243; css=&#8220;.vc_custom_1539271654421{padding-right: 0px !important;padding-left: 0px !important;}&#8220; offset=&#8220;vc_col-lg-3 vc_col-md-6 vc_col-xs-12&#8243;][\/vc_column][vc_column width=&#8220;1\/2&#8243; css=&#8220;.vc_custom_1539271660995{padding-right: 0px !important;padding-left: 0px !important;}&#8220; offset=&#8220;vc_col-lg-3 vc_col-md-6 vc_col-xs-12&#8243;][\/vc_column][\/vc_row]<\/p>\n","protected":false},"author":1,"featured_media":0,"parent":0,"menu_order":0,"comment_status":"closed","ping_status":"closed","template":"full-width.php","meta":{"footnotes":""},"class_list":["post-4351","page","type-page","status-publish","hentry"],"_links":{"self":[{"href":"http:\/\/www.buerobrendel.de\/index.php?rest_route=\/wp\/v2\/pages\/4351","targetHints":{"allow":["GET"]}}],"collection":[{"href":"http:\/\/www.buerobrendel.de\/index.php?rest_route=\/wp\/v2\/pages"}],"about":[{"href":"http:\/\/www.buerobrendel.de\/index.php?rest_route=\/wp\/v2\/types\/page"}],"author":[{"embeddable":true,"href":"http:\/\/www.buerobrendel.de\/index.php?rest_route=\/wp\/v2\/users\/1"}],"replies":[{"embeddable":true,"href":"http:\/\/www.buerobrendel.de\/index.php?rest_route=%2Fwp%2Fv2%2Fcomments&post=4351"}],"version-history":[{"count":28,"href":"http:\/\/www.buerobrendel.de\/index.php?rest_route=\/wp\/v2\/pages\/4351\/revisions"}],"predecessor-version":[{"id":5237,"href":"http:\/\/www.buerobrendel.de\/index.php?rest_route=\/wp\/v2\/pages\/4351\/revisions\/5237"}],"wp:attachment":[{"href":"http:\/\/www.buerobrendel.de\/index.php?rest_route=%2Fwp%2Fv2%2Fmedia&parent=4351"}],"curies":[{"name":"wp","href":"https:\/\/api.w.org\/{rel}","templated":true}]}}