{"id":4586,"date":"2023-08-04T14:52:06","date_gmt":"2023-08-04T12:52:06","guid":{"rendered":"http:\/\/www.buerobrendel.de\/?page_id=4586"},"modified":"2023-08-15T15:45:35","modified_gmt":"2023-08-15T13:45:35","slug":"bb_p01_fuchs","status":"publish","type":"page","link":"http:\/\/www.buerobrendel.de\/?page_id=4586","title":{"rendered":"BB_P01_Fuchs"},"content":{"rendered":"<p>[vc_row row_content_width=&#8220;grid&#8220;][vc_column][rev_slider_vc alias=&#8220;home-5-1&#8243; enable_paspartu=&#8220;no&#8220;][\/vc_column][\/vc_row][vc_row row_content_width=&#8220;grid&#8220; css=&#8220;.vc_custom_1691151303457{padding-top: 68px !important;padding-bottom: 152px !important;}&#8220;][vc_column width=&#8220;2\/5&#8243; offset=&#8220;vc_col-lg-2\/5 vc_col-md-2\/5&#8243;]<div class=\"edgtf-section-title-holder  edgtf-st-enable-indentation edgtf-st-enable-title-mark\" >\n\t<div class=\"edgtf-st-inner\">\n\t\t\t\t\t<h6 class=\"edgtf-st-title\" >\n\t\t\t\terlebnis museum\t\t\t<\/h6>\n\t\t\t\t\t<\/div>\n<\/div><div class=\"edgtf-elements-holder   edgtf-one-column  edgtf-responsive-mode-768 \" ><div class=\"edgtf-eh-item    \"  data-item-class=\"edgtf-eh-custom-3866\" >\n\t<div class=\"edgtf-eh-item-inner\">\n\t\t<div class=\"edgtf-eh-item-content edgtf-eh-custom-3866\" style=\"padding: 0 5px 0 0px\">\n\t\t\t[vc_column_text]<\/p>\n<h3>Neues entdecken, mit Spa\u00df<\/h3>\n<p>[\/vc_column_text]\t\t<\/div>\n\t<\/div>\n<\/div><\/div>[\/vc_column][vc_column width=&#8220;3\/5&#8243; offset=&#8220;vc_col-lg-3\/5 vc_col-md-3\/5&#8243;]<div class=\"edgtf-elements-holder   edgtf-one-column  edgtf-responsive-mode-768 \" ><div class=\"edgtf-eh-item    \"  data-item-class=\"edgtf-eh-custom-1799\">\n\t<div class=\"edgtf-eh-item-inner\">\n\t\t<div class=\"edgtf-eh-item-content edgtf-eh-custom-1799\" style=\"padding: 48px 0 0 0\">\n\t\t\t[vc_column_text]<span style=\"font-size: 18px; line-height: 26px;\">In S\u00fcdth\u00fcringen sagen sich Fuchs und Hase \u201eGute Nacht\u201c? Von wegen! Hasenm\u00e4dchen Mika und Fuchsjunge Luki werden gar nicht m\u00fcde s\u00e4mtliche Museen der Region zu besuchen. Die beiden Tiere meines Kollegen <strong><a href=\"https:\/\/matthiasdaenschel.de\">Matthias D\u00e4nschel<\/a><\/strong> laden junge Leser ab sechs Jahren dazu ein, die museale Vielfalt in der Region zu erkunden. Das 80-seitige Buch wird kostenlos in allen beteiligten Museen abgegeben und enth\u00e4lt neben kindgerechten Hintergrundinfos zahlreiche von uns entwickelte Mitmachseiten.<\/span>[\/vc_column_text]<a itemprop=\"url\" href=\"http:\/\/www.buerobrendel.de\/?page_id=4597\" target=\"_self\" style=\"color: #77746b;margin: 60px 0px 0px 530px\" class=\"edgtf-btn edgtf-btn-medium edgtf-btn-outline edgtf-btn-custom-hover-color\" data-hover-color=\"#e7e7dc\" >\n    <span class=\"edgtf-btn-text\">n\u00e4chstes Projekt \u2026<\/span>    <\/a>\t\t<\/div>\n\t<\/div>\n<\/div><\/div>[\/vc_column][\/vc_row][vc_column offset=&#8220;vc_col-lg-4 vc_col-md-4&#8243;][\/vc_column]<\/p>\n","protected":false},"excerpt":{"rendered":"<p>[vc_row row_content_width=&#8220;grid&#8220;][vc_column][rev_slider_vc alias=&#8220;home-5-1&#8243; enable_paspartu=&#8220;no&#8220;][\/vc_column][\/vc_row][vc_row row_content_width=&#8220;grid&#8220; css=&#8220;.vc_custom_1691151303457{padding-top: 68px !important;padding-bottom: 152px !important;}&#8220;][vc_column width=&#8220;2\/5&#8243; offset=&#8220;vc_col-lg-2\/5 vc_col-md-2\/5&#8243;][\/vc_column][vc_column width=&#8220;3\/5&#8243; offset=&#8220;vc_col-lg-3\/5 vc_col-md-3\/5&#8243;][\/vc_column][\/vc_row][vc_column offset=&#8220;vc_col-lg-4 vc_col-md-4&#8243;][\/vc_column]<\/p>\n","protected":false},"author":1,"featured_media":0,"parent":0,"menu_order":0,"comment_status":"closed","ping_status":"closed","template":"full-width.php","meta":{"footnotes":""},"class_list":["post-4586","page","type-page","status-publish","hentry"],"_links":{"self":[{"href":"http:\/\/www.buerobrendel.de\/index.php?rest_route=\/wp\/v2\/pages\/4586","targetHints":{"allow":["GET"]}}],"collection":[{"href":"http:\/\/www.buerobrendel.de\/index.php?rest_route=\/wp\/v2\/pages"}],"about":[{"href":"http:\/\/www.buerobrendel.de\/index.php?rest_route=\/wp\/v2\/types\/page"}],"author":[{"embeddable":true,"href":"http:\/\/www.buerobrendel.de\/index.php?rest_route=\/wp\/v2\/users\/1"}],"replies":[{"embeddable":true,"href":"http:\/\/www.buerobrendel.de\/index.php?rest_route=%2Fwp%2Fv2%2Fcomments&post=4586"}],"version-history":[{"count":20,"href":"http:\/\/www.buerobrendel.de\/index.php?rest_route=\/wp\/v2\/pages\/4586\/revisions"}],"predecessor-version":[{"id":5100,"href":"http:\/\/www.buerobrendel.de\/index.php?rest_route=\/wp\/v2\/pages\/4586\/revisions\/5100"}],"wp:attachment":[{"href":"http:\/\/www.buerobrendel.de\/index.php?rest_route=%2Fwp%2Fv2%2Fmedia&parent=4586"}],"curies":[{"name":"wp","href":"https:\/\/api.w.org\/{rel}","templated":true}]}}