{"id":4740,"date":"2023-08-12T19:58:11","date_gmt":"2023-08-12T17:58:11","guid":{"rendered":"http:\/\/www.buerobrendel.de\/?page_id=4740"},"modified":"2023-08-15T16:14:03","modified_gmt":"2023-08-15T14:14:03","slug":"bb_p16_vegan","status":"publish","type":"page","link":"http:\/\/www.buerobrendel.de\/?page_id=4740","title":{"rendered":"BB_P16_Vegan"},"content":{"rendered":"<p>[vc_row row_content_width=&#8220;grid&#8220; css=&#8220;.vc_custom_1691407485290{padding-bottom: 152px !important;}&#8220;][vc_column width=&#8220;2\/3&#8243; offset=&#8220;vc_col-lg-8 vc_col-md-8&#8243;][rev_slider_vc alias=&#8220;slider_16_vegan&#8220; enable_paspartu=&#8220;no&#8220;][\/vc_column][vc_column width=&#8220;1\/3&#8243;]<div class=\"edgtf-section-title-holder  edgtf-st-enable-indentation edgtf-st-enable-title-mark\" >\n\t<div class=\"edgtf-st-inner\">\n\t\t\t\t\t<h6 class=\"edgtf-st-title\" >\n\t\t\t\tpflanzliche k\u00fcche\t\t\t<\/h6>\n\t\t\t\t\t<\/div>\n<\/div><div class=\"edgtf-elements-holder   edgtf-one-column  edgtf-responsive-mode-768 \" ><div class=\"edgtf-eh-item    \"  data-item-class=\"edgtf-eh-custom-1852\">\n\t<div class=\"edgtf-eh-item-inner\">\n\t\t<div class=\"edgtf-eh-item-content edgtf-eh-custom-1852\" >\n\t\t\t[vc_column_text]<\/p>\n<h3>Gem\u00fcse feiern<\/h3>\n<p>[\/vc_column_text][vc_empty_space height=&#8220;30px&#8220;][vc_column_text]<span style=\"font-size: 18px; line-height: 26px;\">\n<span class=\"edgtf-dropcaps edgtf-circle\" style=\"background-color: #A2C439\">\n\tV<\/span>egane K\u00fcche erlebt ja durchaus einen kleinen Boom. Es gibt mehr und mehr vegane Restaurants, Caf\u00e9s und Kochb\u00fccher. Im Gegensatz dazu erhalten Koch-Azubis aber kaum Ausbildung in zeitgem\u00e4\u00dfer vegetarischer K\u00fcche. Um diesem Bed\u00fcrfnis nachzukommen, wurde \u201eVegucation\u201c ins Leben gerufen. Das Projekt des Vegetarierbundes widmet sich der Verbesserung der Ausbildung von angehenden K\u00f6chen.<\/span><\/p>\n<p><span style=\"font-size: 18px; line-height: 26px;\">Ich entwickelte das Grundlayout f\u00fcr ein Sch\u00fcler- und ein Lehrerhandbuch und layoutete die beiden Fachkochb\u00fccher. Dabei wollte ich vor allem den Charakter eines trockenen Lehrbuches vermeiden. Ziel waren leckere, atmosph\u00e4rische Seiten, die viel Lust aufs Nachkochen machen.\u00a0<\/span>[\/vc_column_text]<a itemprop=\"url\" href=\"http:\/\/www.buerobrendel.de\/?page_id=4840\" target=\"_self\" style=\"color: #77746b;margin: 60px 0px 0px 130px\" class=\"edgtf-btn edgtf-btn-medium edgtf-btn-outline edgtf-btn-custom-hover-color\" data-hover-color=\"#e7e7dc\" >\n    <span class=\"edgtf-btn-text\">n\u00e4chstes Projekt \u2026<\/span>    <\/a>\t\t<\/div>\n\t<\/div>\n<\/div><\/div>[\/vc_column][\/vc_row][vc_column offset=&#8220;vc_col-lg-4 vc_col-md-4&#8243;][\/vc_column]<\/p>\n","protected":false},"excerpt":{"rendered":"<p>[vc_row row_content_width=&#8220;grid&#8220; css=&#8220;.vc_custom_1691407485290{padding-bottom: 152px !important;}&#8220;][vc_column width=&#8220;2\/3&#8243; offset=&#8220;vc_col-lg-8 vc_col-md-8&#8243;][rev_slider_vc alias=&#8220;slider_16_vegan&#8220; enable_paspartu=&#8220;no&#8220;][\/vc_column][vc_column width=&#8220;1\/3&#8243;][\/vc_column][\/vc_row][vc_column offset=&#8220;vc_col-lg-4 vc_col-md-4&#8243;][\/vc_column]<\/p>\n","protected":false},"author":1,"featured_media":0,"parent":0,"menu_order":0,"comment_status":"closed","ping_status":"closed","template":"full-width.php","meta":{"footnotes":""},"class_list":["post-4740","page","type-page","status-publish","hentry"],"_links":{"self":[{"href":"http:\/\/www.buerobrendel.de\/index.php?rest_route=\/wp\/v2\/pages\/4740","targetHints":{"allow":["GET"]}}],"collection":[{"href":"http:\/\/www.buerobrendel.de\/index.php?rest_route=\/wp\/v2\/pages"}],"about":[{"href":"http:\/\/www.buerobrendel.de\/index.php?rest_route=\/wp\/v2\/types\/page"}],"author":[{"embeddable":true,"href":"http:\/\/www.buerobrendel.de\/index.php?rest_route=\/wp\/v2\/users\/1"}],"replies":[{"embeddable":true,"href":"http:\/\/www.buerobrendel.de\/index.php?rest_route=%2Fwp%2Fv2%2Fcomments&post=4740"}],"version-history":[{"count":14,"href":"http:\/\/www.buerobrendel.de\/index.php?rest_route=\/wp\/v2\/pages\/4740\/revisions"}],"predecessor-version":[{"id":5127,"href":"http:\/\/www.buerobrendel.de\/index.php?rest_route=\/wp\/v2\/pages\/4740\/revisions\/5127"}],"wp:attachment":[{"href":"http:\/\/www.buerobrendel.de\/index.php?rest_route=%2Fwp%2Fv2%2Fmedia&parent=4740"}],"curies":[{"name":"wp","href":"https:\/\/api.w.org\/{rel}","templated":true}]}}