{"id":4752,"date":"2023-08-12T20:15:59","date_gmt":"2023-08-12T18:15:59","guid":{"rendered":"http:\/\/www.buerobrendel.de\/?page_id=4752"},"modified":"2023-08-15T16:39:34","modified_gmt":"2023-08-15T14:39:34","slug":"bb_p18_balkon","status":"publish","type":"page","link":"http:\/\/www.buerobrendel.de\/?page_id=4752","title":{"rendered":"BB_P18_Balkon"},"content":{"rendered":"<p>[vc_row row_content_width=&#8220;grid&#8220; css=&#8220;.vc_custom_1692088263271{padding-bottom: 182px !important;}&#8220;][vc_column width=&#8220;3\/5&#8243; offset=&#8220;vc_col-lg-3\/5 vc_col-md-3\/5&#8243;][rev_slider_vc alias=&#8220;slider_18_balkon&#8220; enable_paspartu=&#8220;no&#8220;][\/vc_column][vc_column width=&#8220;2\/5&#8243;]<div class=\"edgtf-section-title-holder  edgtf-st-enable-indentation edgtf-st-enable-title-mark\" >\n\t<div class=\"edgtf-st-inner\">\n\t\t\t\t\t<h6 class=\"edgtf-st-title\" >\n\t\t\t\tbalkong\u00e4rtnern\t\t\t<\/h6>\n\t\t\t\t\t<\/div>\n<\/div><div class=\"edgtf-elements-holder   edgtf-one-column  edgtf-responsive-mode-768 \" ><div class=\"edgtf-eh-item    \"  data-item-class=\"edgtf-eh-custom-4644\">\n\t<div class=\"edgtf-eh-item-inner\">\n\t\t<div class=\"edgtf-eh-item-content edgtf-eh-custom-4644\" >\n\t\t\t[vc_column_text]<\/p>\n<h3>Gr\u00fcner wird&#8217;s nicht!<\/h3>\n<p>[\/vc_column_text][vc_empty_space height=&#8220;30px&#8220;][vc_column_text]<span style=\"font-size: 18px; line-height: 26px;\">Balkongestaltung ist nicht kompliziert: Die Anregungen und Tipps dieses Ratgebers sind gut umsetzbar. Das Prinzip: auf zwei gegen\u00fcberliegenden Seiten steht auf der linken, was nicht geht und rechts, wie man es besser macht.\u00a0<\/span><\/p>\n<p><span style=\"font-size: 18px; line-height: 26px;\">Eine nette Rezension des Ratgebers fand ich auf amazon.de: \u201eMittlerweile schon ganz zerfleddert vom vielen Lesen, Bl\u00e4ttern, Verleihen und mit zum Gartencenter schleppen ist dieses tolle Buch, f\u00fcr das ich heute endlich mal f\u00fcnf Sterne vergeben m\u00f6chte. Gerade sitze ich auf meinem Balkon, umringt von Gem\u00fcse, Gr\u00e4sern, Kletterpflanzen und Kr\u00e4utern und denke mal wieder: ohne das Buch w\u00fcrde hier gar nichts wachsen.\u201c<\/span>[\/vc_column_text]<a itemprop=\"url\" href=\"http:\/\/www.buerobrendel.de\/?page_id=4586\" target=\"_self\" style=\"color: #77746b;margin: 60px 0px 0px 250px\" class=\"edgtf-btn edgtf-btn-medium edgtf-btn-outline edgtf-btn-custom-hover-color\" data-hover-color=\"#e7e7dc\" >\n    <span class=\"edgtf-btn-text\">n\u00e4chstes Projekt \u2026<\/span>    <\/a>\t\t<\/div>\n\t<\/div>\n<\/div><\/div>[\/vc_column][\/vc_row][vc_column offset=&#8220;vc_col-lg-4 vc_col-md-4&#8243;][\/vc_column]<\/p>\n","protected":false},"excerpt":{"rendered":"<p>[vc_row row_content_width=&#8220;grid&#8220; css=&#8220;.vc_custom_1692088263271{padding-bottom: 182px !important;}&#8220;][vc_column width=&#8220;3\/5&#8243; offset=&#8220;vc_col-lg-3\/5 vc_col-md-3\/5&#8243;][rev_slider_vc alias=&#8220;slider_18_balkon&#8220; enable_paspartu=&#8220;no&#8220;][\/vc_column][vc_column width=&#8220;2\/5&#8243;][\/vc_column][\/vc_row][vc_column offset=&#8220;vc_col-lg-4 vc_col-md-4&#8243;][\/vc_column]<\/p>\n","protected":false},"author":1,"featured_media":0,"parent":0,"menu_order":0,"comment_status":"closed","ping_status":"closed","template":"full-width.php","meta":{"footnotes":""},"class_list":["post-4752","page","type-page","status-publish","hentry"],"_links":{"self":[{"href":"http:\/\/www.buerobrendel.de\/index.php?rest_route=\/wp\/v2\/pages\/4752","targetHints":{"allow":["GET"]}}],"collection":[{"href":"http:\/\/www.buerobrendel.de\/index.php?rest_route=\/wp\/v2\/pages"}],"about":[{"href":"http:\/\/www.buerobrendel.de\/index.php?rest_route=\/wp\/v2\/types\/page"}],"author":[{"embeddable":true,"href":"http:\/\/www.buerobrendel.de\/index.php?rest_route=\/wp\/v2\/users\/1"}],"replies":[{"embeddable":true,"href":"http:\/\/www.buerobrendel.de\/index.php?rest_route=%2Fwp%2Fv2%2Fcomments&post=4752"}],"version-history":[{"count":10,"href":"http:\/\/www.buerobrendel.de\/index.php?rest_route=\/wp\/v2\/pages\/4752\/revisions"}],"predecessor-version":[{"id":5148,"href":"http:\/\/www.buerobrendel.de\/index.php?rest_route=\/wp\/v2\/pages\/4752\/revisions\/5148"}],"wp:attachment":[{"href":"http:\/\/www.buerobrendel.de\/index.php?rest_route=%2Fwp%2Fv2%2Fmedia&parent=4752"}],"curies":[{"name":"wp","href":"https:\/\/api.w.org\/{rel}","templated":true}]}}