{"id":4781,"date":"2023-08-12T23:56:43","date_gmt":"2023-08-12T21:56:43","guid":{"rendered":"http:\/\/www.buerobrendel.de\/?page_id=4781"},"modified":"2023-08-15T16:14:29","modified_gmt":"2023-08-15T14:14:29","slug":"bb_p20_visuelle","status":"publish","type":"page","link":"http:\/\/www.buerobrendel.de\/?page_id=4781","title":{"rendered":"BB_P20_Visuelle"},"content":{"rendered":"<p>[vc_row row_content_width=&#8220;grid&#8220; css=&#8220;.vc_custom_1692088159689{padding-bottom: 182px !important;}&#8220;][vc_column width=&#8220;2\/3&#8243; offset=&#8220;vc_col-lg-8 vc_col-md-8&#8243;][rev_slider_vc alias=&#8220;slider_20_visuelle-1&#8243; enable_paspartu=&#8220;no&#8220;][\/vc_column][vc_column width=&#8220;1\/3&#8243;]<div class=\"edgtf-section-title-holder  edgtf-st-enable-indentation edgtf-st-enable-title-mark\" >\n\t<div class=\"edgtf-st-inner\">\n\t\t\t\t\t<h6 class=\"edgtf-st-title\" >\n\t\t\t\tvisuelle geschichte\t\t\t<\/h6>\n\t\t\t\t\t<\/div>\n<\/div><div class=\"edgtf-elements-holder   edgtf-one-column  edgtf-responsive-mode-768 \" ><div class=\"edgtf-eh-item    \"  data-item-class=\"edgtf-eh-custom-6571\">\n\t<div class=\"edgtf-eh-item-inner\">\n\t\t<div class=\"edgtf-eh-item-content edgtf-eh-custom-6571\" >\n\t\t\t[vc_column_text]<\/p>\n<h3>Mehr geht nicht<\/h3>\n<p>[\/vc_column_text][vc_empty_space height=&#8220;30px&#8220;][vc_column_text]<span style=\"font-size: 18px; line-height: 26px;\">Auf 656 Seiten erz\u00e4hlt das Nachschlagewerk nicht weniger als die Geschichte der Welt und vermittelt gro\u00dfe Ereignisse aus s\u00e4mtlichen Erdteilen und Epochen wissenschaftlich fundiert und trotzdem verst\u00e4ndlich. <\/span><\/p>\n<p><span style=\"font-size: 18px; line-height: 26px;\">Mit einer Vielzahl an Gem\u00e4lden und Fotografien werden historische Wendepunkte anschaulich. Unterst\u00fctzt wird dies durch leserfreundliche Querverweise im Text, ein klares Farbleitsystem und eine durchgehende Zeitleiste.\u00a0<\/span>[\/vc_column_text]<a itemprop=\"url\" href=\"http:\/\/www.buerobrendel.de\/?page_id=4992\" target=\"_self\" style=\"color: #77746b;margin: 60px 0px 0px 130px\" class=\"edgtf-btn edgtf-btn-medium edgtf-btn-outline edgtf-btn-custom-hover-color\" data-hover-color=\"#e7e7dc\" >\n    <span class=\"edgtf-btn-text\">n\u00e4chstes Projekt \u2026<\/span>    <\/a>\t\t<\/div>\n\t<\/div>\n<\/div><\/div>[\/vc_column][\/vc_row][vc_column offset=&#8220;vc_col-lg-4 vc_col-md-4&#8243;][\/vc_column]<\/p>\n","protected":false},"excerpt":{"rendered":"<p>[vc_row row_content_width=&#8220;grid&#8220; css=&#8220;.vc_custom_1692088159689{padding-bottom: 182px !important;}&#8220;][vc_column width=&#8220;2\/3&#8243; offset=&#8220;vc_col-lg-8 vc_col-md-8&#8243;][rev_slider_vc alias=&#8220;slider_20_visuelle-1&#8243; enable_paspartu=&#8220;no&#8220;][\/vc_column][vc_column width=&#8220;1\/3&#8243;][\/vc_column][\/vc_row][vc_column offset=&#8220;vc_col-lg-4 vc_col-md-4&#8243;][\/vc_column]<\/p>\n","protected":false},"author":1,"featured_media":0,"parent":0,"menu_order":0,"comment_status":"closed","ping_status":"closed","template":"full-width.php","meta":{"footnotes":""},"class_list":["post-4781","page","type-page","status-publish","hentry"],"_links":{"self":[{"href":"http:\/\/www.buerobrendel.de\/index.php?rest_route=\/wp\/v2\/pages\/4781","targetHints":{"allow":["GET"]}}],"collection":[{"href":"http:\/\/www.buerobrendel.de\/index.php?rest_route=\/wp\/v2\/pages"}],"about":[{"href":"http:\/\/www.buerobrendel.de\/index.php?rest_route=\/wp\/v2\/types\/page"}],"author":[{"embeddable":true,"href":"http:\/\/www.buerobrendel.de\/index.php?rest_route=\/wp\/v2\/users\/1"}],"replies":[{"embeddable":true,"href":"http:\/\/www.buerobrendel.de\/index.php?rest_route=%2Fwp%2Fv2%2Fcomments&post=4781"}],"version-history":[{"count":8,"href":"http:\/\/www.buerobrendel.de\/index.php?rest_route=\/wp\/v2\/pages\/4781\/revisions"}],"predecessor-version":[{"id":5129,"href":"http:\/\/www.buerobrendel.de\/index.php?rest_route=\/wp\/v2\/pages\/4781\/revisions\/5129"}],"wp:attachment":[{"href":"http:\/\/www.buerobrendel.de\/index.php?rest_route=%2Fwp%2Fv2%2Fmedia&parent=4781"}],"curies":[{"name":"wp","href":"https:\/\/api.w.org\/{rel}","templated":true}]}}