{"id":4802,"date":"2023-08-13T11:24:57","date_gmt":"2023-08-13T09:24:57","guid":{"rendered":"http:\/\/www.buerobrendel.de\/?page_id=4802"},"modified":"2023-08-15T15:50:15","modified_gmt":"2023-08-15T13:50:15","slug":"bb_p08_chinesisch","status":"publish","type":"page","link":"http:\/\/www.buerobrendel.de\/?page_id=4802","title":{"rendered":"BB_P08_Chinesisch"},"content":{"rendered":"<p>[vc_row row_content_width=&#8220;grid&#8220;][vc_column][rev_slider_vc alias=&#8220;slider_08_chinesisch&#8220; enable_paspartu=&#8220;no&#8220;][\/vc_column][\/vc_row][vc_row row_content_width=&#8220;grid&#8220; css=&#8220;.vc_custom_1691157755410{padding-top: 68px !important;padding-bottom: 152px !important;}&#8220;][vc_column width=&#8220;2\/3&#8243; offset=&#8220;vc_col-lg-8 vc_col-md-8&#8243;]<div class=\"edgtf-section-title-holder  edgtf-st-enable-indentation edgtf-st-enable-title-mark\" >\n\t<div class=\"edgtf-st-inner\">\n\t\t\t\t\t<h6 class=\"edgtf-st-title\" >\n\t\t\t\tauthentisch chinesisch\t\t\t<\/h6>\n\t\t\t\t\t<\/div>\n<\/div><div class=\"edgtf-elements-holder   edgtf-one-column  edgtf-responsive-mode-768 \" ><div class=\"edgtf-eh-item    \"  data-item-class=\"edgtf-eh-custom-7730\" >\n\t<div class=\"edgtf-eh-item-inner\">\n\t\t<div class=\"edgtf-eh-item-content edgtf-eh-custom-7730\" style=\"padding: 0 5px 0 0px\">\n\t\t\t[vc_column_text]<\/p>\n<h3>Originalgeschmack!<\/h3>\n<p>[\/vc_column_text][vc_empty_space height=&#8220;12px&#8220;][vc_column_text]Der aus Taipeh stammende und heute in Berlin lebende Koch und hauptberufliche Finanzbuchhalter Noel Yih-I Luoh hat die Anf\u00e4nge der chinesische K\u00fcche in Deutschland miterlebt. In den fr\u00fchen 1980er-Jahren kochte er \u00f6ffentlich in Kaufh\u00e4usern und gab Kochkurse. Um authentisches chinesisches Kochen in deusche K\u00fcchen zu bringen, hat er im Eigenverlag das zweib\u00e4ndige Kochbuch \u201eAuthentisch chinesisch kochen in Deutschland\u201c herausgegeben. Unter Verwendung von Zutaten, die in Deutschland erh\u00e4ltlich sind, stellt er hier Rezepte vor, die an den \u201eOriginalgeschmack\u201c herankommen sollen.<\/p>\n<p>Das Querformat tanzt aus der Reihe \u00fcblicher Kochbuchformate, und genau dies war dem Autor wichtig: \u201eDamit ist es m\u00f6glich, das Buch aufgeschlagen auf einem Arbeitstisch zu platzieren und noch gen\u00fcgend Platz zu haben f\u00fcr das Vorbereiten eines Gerichtes\u201c. Alle Gerichte werden auch unter ihrem Originalnamen aufgef\u00fchrt. Hierf\u00fcr testeten wir diverse chinesische Fonts, bis sich eine stimmige Schriftmischung ergab.[\/vc_column_text]<a itemprop=\"url\" href=\"http:\/\/www.buerobrendel.de\/?page_id=4882\" target=\"_self\" style=\"color: #77746b;margin: 60px 0px 0px 580px\" class=\"edgtf-btn edgtf-btn-medium edgtf-btn-outline edgtf-btn-custom-hover-color\" data-hover-color=\"#e7e7dc\" >\n    <span class=\"edgtf-btn-text\">n\u00e4chstes Projekt \u2026<\/span>    <\/a>\t\t<\/div>\n\t<\/div>\n<\/div><\/div>[\/vc_column][vc_column width=&#8220;1\/3&#8243; offset=&#8220;vc_col-lg-4 vc_col-md-4&#8243; css=&#8220;.vc_custom_1691158629494{padding-right: 120px !important;padding-left: 80px !important;}&#8220;][vc_empty_space height=&#8220;60px&#8220;]<div class=\"edgtf-elements-holder   edgtf-one-column  edgtf-responsive-mode-768 \" ><div class=\"edgtf-eh-item   edgtf-horizontal-alignment-center \"  data-item-class=\"edgtf-eh-custom-5520\">\n\t<div class=\"edgtf-eh-item-inner\">\n\t\t<div class=\"edgtf-eh-item-content edgtf-eh-custom-5520\" style=\"padding: 48px 0 0 0\">\n\t\t\t[vc_single_image image=&#8220;4799&#8243;]\t\t<\/div>\n\t<\/div>\n<\/div><\/div>[vc_empty_space height=&#8220;12px&#8220;][vc_column_text]<\/p>\n<p style=\"text-align: left;\"><em>Ausgezeichnet mit der H\u00f6chstwertung bei Valentinas \u2014 Best of Cookbooks: \u201eEin Ausnahmewerk.\u201d<\/em><\/p>\n<p>[\/vc_column_text][\/vc_column][\/vc_row]<\/p>\n","protected":false},"excerpt":{"rendered":"<p>[vc_row row_content_width=&#8220;grid&#8220;][vc_column][rev_slider_vc alias=&#8220;slider_08_chinesisch&#8220; enable_paspartu=&#8220;no&#8220;][\/vc_column][\/vc_row][vc_row row_content_width=&#8220;grid&#8220; css=&#8220;.vc_custom_1691157755410{padding-top: 68px !important;padding-bottom: 152px !important;}&#8220;][vc_column width=&#8220;2\/3&#8243; offset=&#8220;vc_col-lg-8 vc_col-md-8&#8243;][\/vc_column][vc_column width=&#8220;1\/3&#8243; offset=&#8220;vc_col-lg-4 vc_col-md-4&#8243; css=&#8220;.vc_custom_1691158629494{padding-right: 120px !important;padding-left: 80px !important;}&#8220;][vc_empty_space height=&#8220;60px&#8220;][vc_empty_space height=&#8220;12px&#8220;][vc_column_text] Ausgezeichnet mit der H\u00f6chstwertung bei Valentinas \u2014 Best of Cookbooks: \u201eEin Ausnahmewerk.\u201d [\/vc_column_text][\/vc_column][\/vc_row]<\/p>\n","protected":false},"author":1,"featured_media":0,"parent":0,"menu_order":0,"comment_status":"closed","ping_status":"closed","template":"full-width.php","meta":{"footnotes":""},"class_list":["post-4802","page","type-page","status-publish","hentry"],"_links":{"self":[{"href":"http:\/\/www.buerobrendel.de\/index.php?rest_route=\/wp\/v2\/pages\/4802","targetHints":{"allow":["GET"]}}],"collection":[{"href":"http:\/\/www.buerobrendel.de\/index.php?rest_route=\/wp\/v2\/pages"}],"about":[{"href":"http:\/\/www.buerobrendel.de\/index.php?rest_route=\/wp\/v2\/types\/page"}],"author":[{"embeddable":true,"href":"http:\/\/www.buerobrendel.de\/index.php?rest_route=\/wp\/v2\/users\/1"}],"replies":[{"embeddable":true,"href":"http:\/\/www.buerobrendel.de\/index.php?rest_route=%2Fwp%2Fv2%2Fcomments&post=4802"}],"version-history":[{"count":10,"href":"http:\/\/www.buerobrendel.de\/index.php?rest_route=\/wp\/v2\/pages\/4802\/revisions"}],"predecessor-version":[{"id":5105,"href":"http:\/\/www.buerobrendel.de\/index.php?rest_route=\/wp\/v2\/pages\/4802\/revisions\/5105"}],"wp:attachment":[{"href":"http:\/\/www.buerobrendel.de\/index.php?rest_route=%2Fwp%2Fv2%2Fmedia&parent=4802"}],"curies":[{"name":"wp","href":"https:\/\/api.w.org\/{rel}","templated":true}]}}