{"id":4831,"date":"2023-08-13T13:06:36","date_gmt":"2023-08-13T11:06:36","guid":{"rendered":"http:\/\/www.buerobrendel.de\/?page_id=4831"},"modified":"2023-08-15T15:37:28","modified_gmt":"2023-08-15T13:37:28","slug":"bb_p13_houses","status":"publish","type":"page","link":"http:\/\/www.buerobrendel.de\/?page_id=4831","title":{"rendered":"BB_P13_Houses"},"content":{"rendered":"<p>[vc_row row_content_width=&#8220;grid&#8220;][vc_column][rev_slider_vc alias=&#8220;slider_13_houses&#8220; enable_paspartu=&#8220;no&#8220;][\/vc_column][\/vc_row][vc_row row_content_width=&#8220;grid&#8220; css=&#8220;.vc_custom_1691151303457{padding-top: 68px !important;padding-bottom: 152px !important;}&#8220;][vc_column width=&#8220;1\/3&#8243;]<div class=\"edgtf-section-title-holder  edgtf-st-enable-indentation edgtf-st-enable-title-mark\" >\n\t<div class=\"edgtf-st-inner\">\n\t\t\t\t\t<h6 class=\"edgtf-st-title\" >\n\t\t\t\t100 houses\t\t\t<\/h6>\n\t\t\t\t\t<\/div>\n<\/div><div class=\"edgtf-elements-holder   edgtf-one-column  edgtf-responsive-mode-768 \" ><div class=\"edgtf-eh-item    \"  data-item-class=\"edgtf-eh-custom-5483\" >\n\t<div class=\"edgtf-eh-item-inner\">\n\t\t<div class=\"edgtf-eh-item-content edgtf-eh-custom-5483\" style=\"padding: 0 5px 0 0px\">\n\t\t\t[vc_column_text]<\/p>\n<h3>Sch\u00f6ner Wohnen<\/h3>\n<p>[\/vc_column_text]\t\t<\/div>\n\t<\/div>\n<\/div><\/div>[\/vc_column][vc_column width=&#8220;2\/3&#8243;]<div class=\"edgtf-elements-holder   edgtf-one-column  edgtf-responsive-mode-768 \" ><div class=\"edgtf-eh-item    \"  data-item-class=\"edgtf-eh-custom-9667\">\n\t<div class=\"edgtf-eh-item-inner\">\n\t\t<div class=\"edgtf-eh-item-content edgtf-eh-custom-9667\" style=\"padding: 48px 0 0 0\">\n\t\t\t[vc_column_text]Wenn Architekten eigene H\u00e4user planen, entsteht oft radikale, immer aber pers\u00f6nliche Architektur. Der Bildband \u201e100 houses\u201c zeigt Wohnh\u00e4user von 100 europ\u00e4ischen Architekten des 20. Jahrhunderts, die diese f\u00fcr sich selbst entworfen haben. Den im Taschen Verlag erschienenen Band gestaltete und layoutete ich f\u00fcr eine Bremer Buchagentur.<\/p>\n<blockquote><p>\u201eTats\u00e4chlich liest sich der m\u00e4chtige Band wie eine Kulturgeschichte des gehobenen Wohnens in individuellen H\u00e4usern &#8230; Alles in allem ein runder Band. Ein Band, zum Durchgucken, zum Reinlesen, vielleicht auch zum Ideensammeln \u2014 die Beispiele sind mehr als genug. Hundert eben&#8230;\u201c \u2014 Rheinische Post, D\u00fcsseldorf<\/p>\n<p>\u201eThis is an idea book, best used for page flipping and sparks of inspiration. Each architect\u2018s interpretation of space and design will provide fodder for even the smallest home renovation project.\u201c \u2014 Shelter, New York<\/p>\n<p>\u201e&#8230;the most entertaining architecture book TASCHEN has published, we see the myth that modern architects like living in grand old houses firmly laid to rest.\u201c \u2014 Lounge Magazine, Stockholm<\/p><\/blockquote>\n<p>[\/vc_column_text]<a itemprop=\"url\" href=\"http:\/\/www.buerobrendel.de\/?page_id=4821\" target=\"_self\" style=\"color: #77746b;margin: 60px 0px 0px 600px\" class=\"edgtf-btn edgtf-btn-medium edgtf-btn-outline edgtf-btn-custom-hover-color\" data-hover-color=\"#e7e7dc\" >\n    <span class=\"edgtf-btn-text\">n\u00e4chstes Projekt \u2026<\/span>    <\/a>\t\t<\/div>\n\t<\/div>\n<\/div><\/div>[\/vc_column][\/vc_row][vc_column offset=&#8220;vc_col-lg-4 vc_col-md-4&#8243;][\/vc_column]<\/p>\n","protected":false},"excerpt":{"rendered":"<p>[vc_row row_content_width=&#8220;grid&#8220;][vc_column][rev_slider_vc alias=&#8220;slider_13_houses&#8220; enable_paspartu=&#8220;no&#8220;][\/vc_column][\/vc_row][vc_row row_content_width=&#8220;grid&#8220; css=&#8220;.vc_custom_1691151303457{padding-top: 68px !important;padding-bottom: 152px !important;}&#8220;][vc_column width=&#8220;1\/3&#8243;][\/vc_column][vc_column width=&#8220;2\/3&#8243;][\/vc_column][\/vc_row][vc_column offset=&#8220;vc_col-lg-4 vc_col-md-4&#8243;][\/vc_column]<\/p>\n","protected":false},"author":1,"featured_media":0,"parent":0,"menu_order":0,"comment_status":"closed","ping_status":"closed","template":"full-width.php","meta":{"footnotes":""},"class_list":["post-4831","page","type-page","status-publish","hentry"],"_links":{"self":[{"href":"http:\/\/www.buerobrendel.de\/index.php?rest_route=\/wp\/v2\/pages\/4831","targetHints":{"allow":["GET"]}}],"collection":[{"href":"http:\/\/www.buerobrendel.de\/index.php?rest_route=\/wp\/v2\/pages"}],"about":[{"href":"http:\/\/www.buerobrendel.de\/index.php?rest_route=\/wp\/v2\/types\/page"}],"author":[{"embeddable":true,"href":"http:\/\/www.buerobrendel.de\/index.php?rest_route=\/wp\/v2\/users\/1"}],"replies":[{"embeddable":true,"href":"http:\/\/www.buerobrendel.de\/index.php?rest_route=%2Fwp%2Fv2%2Fcomments&post=4831"}],"version-history":[{"count":7,"href":"http:\/\/www.buerobrendel.de\/index.php?rest_route=\/wp\/v2\/pages\/4831\/revisions"}],"predecessor-version":[{"id":5085,"href":"http:\/\/www.buerobrendel.de\/index.php?rest_route=\/wp\/v2\/pages\/4831\/revisions\/5085"}],"wp:attachment":[{"href":"http:\/\/www.buerobrendel.de\/index.php?rest_route=%2Fwp%2Fv2%2Fmedia&parent=4831"}],"curies":[{"name":"wp","href":"https:\/\/api.w.org\/{rel}","templated":true}]}}