{"id":4953,"date":"2023-08-14T21:13:03","date_gmt":"2023-08-14T19:13:03","guid":{"rendered":"http:\/\/www.buerobrendel.de\/?page_id=4953"},"modified":"2023-08-17T13:36:38","modified_gmt":"2023-08-17T11:36:38","slug":"bb_p06_ratgeber","status":"publish","type":"page","link":"http:\/\/www.buerobrendel.de\/?page_id=4953","title":{"rendered":"BB_P06_Ratgeber"},"content":{"rendered":"<p>[vc_row row_content_width=&#8220;grid&#8220; css=&#8220;.vc_custom_1692040681030{padding-top: 68px !important;padding-bottom: 52px !important;}&#8220;][vc_column]<div class=\"edgtf-section-title-holder  edgtf-st-enable-indentation edgtf-st-enable-title-mark\" >\n\t<div class=\"edgtf-st-inner\">\n\t\t\t\t\t<h6 class=\"edgtf-st-title\" >\n\t\t\t\tneues grundlayout\t\t\t<\/h6>\n\t\t\t\t\t<\/div>\n<\/div>[\/vc_column][\/vc_row][vc_row row_content_width=&#8220;grid&#8220;][vc_column width=&#8220;1\/2&#8243; css=&#8220;.vc_custom_1692041037338{padding-right: 0px !important;}&#8220;][vc_single_image image=&#8220;4946&#8243; img_size=&#8220;800&#215;529&#8243;][\/vc_column][vc_column width=&#8220;1\/2&#8243; css=&#8220;.vc_custom_1692041087055{padding-right: 60px !important;padding-left: 60px !important;}&#8220;]<div class=\"edgtf-elements-holder   edgtf-one-column  edgtf-responsive-mode-768 \" ><div class=\"edgtf-eh-item    \"  data-item-class=\"edgtf-eh-custom-7330\">\n\t<div class=\"edgtf-eh-item-inner\">\n\t\t<div class=\"edgtf-eh-item-content edgtf-eh-custom-7330\" style=\"padding: 28px 0 0 0\">\n\t\t\t[vc_column_text]<\/p>\n<h4>Die Aufgabe<\/h4>\n<p>[\/vc_column_text][vc_empty_space height=&#8220;12px&#8220;][vc_column_text css=&#8220;.vc_custom_1692043120853{padding-right: 20px !important;}&#8220;]<span style=\"font-size: 18px; line-height: 26px;\">Kurze Briefings sind bei den meisten Buchprojekten \u00fcblich. Beim Redesign der thematisch breit gef\u00e4cherten Ratgeber der Stiftung Warentest aber war ein detailliertes 16-seitiges Lastenheft zu ber\u00fccksichtigen. Durchaus eine konzeptionelle Herausforderung! <\/span><\/p>\n<p><span style=\"font-size: 18px; line-height: 26px;\">Zun\u00e4chst wurde in diversen Meetings das bisherige Layout unter die Lupe genommen: Braucht man dies, sieht jenes noch zeitgem\u00e4\u00df aus? Und vor allem; kann der Verlag damit effizient arbeiten?<\/span>[\/vc_column_text]\t\t<\/div>\n\t<\/div>\n<\/div><\/div>[\/vc_column][\/vc_row][vc_row row_content_width=&#8220;grid&#8220; css=&#8220;.vc_custom_1692041016109{padding-left: 0px !important;}&#8220;][vc_column width=&#8220;1\/2&#8243; css=&#8220;.vc_custom_1692043245341{padding-top: 40px !important;padding-right: 60px !important;padding-left: 60px !important;}&#8220;]<div class=\"edgtf-elements-holder   edgtf-one-column  edgtf-responsive-mode-768 \" ><div class=\"edgtf-eh-item    \"  data-item-class=\"edgtf-eh-custom-1435\">\n\t<div class=\"edgtf-eh-item-inner\">\n\t\t<div class=\"edgtf-eh-item-content edgtf-eh-custom-1435\" style=\"padding: 48px 0 0 0\">\n\t\t\t[vc_column_text]<\/p>\n<h4>Grundlayout<\/h4>\n<p>[\/vc_column_text][vc_empty_space height=&#8220;12px&#8220;][vc_column_text css=&#8220;.vc_custom_1692043138051{padding-right: 80px !important;}&#8220;]<span style=\"font-size: 18px; line-height: 26px;\">Auf Basis der Analyse wurde konzipiert, \u00fcberarbeitet und entr\u00fcmpelt. So entstand ein klares, magazinartiges Layout, das unaufgeregt die Seri\u00f6sit\u00e4t und Kompetenz der Stiftung Warentest vermittelt. Mittlerweile wurden zahllose Ratgeber in diesem Layout produziert.<\/span>[\/vc_column_text]\t\t<\/div>\n\t<\/div>\n<\/div><\/div>[\/vc_column][vc_column width=&#8220;1\/2&#8243; css=&#8220;.vc_custom_1692041009416{padding-left: 0px !important;}&#8220;][vc_single_image image=&#8220;4947&#8243; img_size=&#8220;800&#215;529&#8243;][\/vc_column][\/vc_row][vc_row row_content_width=&#8220;grid&#8220;][vc_column width=&#8220;1\/2&#8243; css=&#8220;.vc_custom_1692041037338{padding-right: 0px !important;}&#8220;][vc_single_image image=&#8220;4948&#8243; img_size=&#8220;800&#215;529&#8243;][\/vc_column][vc_column width=&#8220;1\/2&#8243; css=&#8220;.vc_custom_1692043260933{padding-top: 40px !important;padding-right: 60px !important;padding-left: 60px !important;}&#8220;]<div class=\"edgtf-elements-holder   edgtf-one-column  edgtf-responsive-mode-768 \" ><div class=\"edgtf-eh-item    \"  data-item-class=\"edgtf-eh-custom-3920\">\n\t<div class=\"edgtf-eh-item-inner\">\n\t\t<div class=\"edgtf-eh-item-content edgtf-eh-custom-3920\" style=\"padding: 48px 0 0 0\">\n\t\t\t[vc_column_text]<\/p>\n<h4>Farbkonzept<\/h4>\n<p>[\/vc_column_text][vc_empty_space height=&#8220;12px&#8220;][vc_column_text]<span style=\"font-size: 18px; line-height: 26px;\">Eine der Neuerungen war die Einf\u00fchrung eines Farbschemas. Jedes Kapitel ist in einem klaren bunten Farbton eingef\u00e4rbt. Das erleichtert die Navigation durch das Buch, gleichzeitig wird so der Reihencharakter gest\u00e4rkt.<\/span>[\/vc_column_text]\t\t<\/div>\n\t<\/div>\n<\/div><\/div>[\/vc_column][\/vc_row][vc_row row_content_width=&#8220;grid&#8220; css=&#8220;.vc_custom_1692041016109{padding-left: 0px !important;}&#8220;][vc_column width=&#8220;1\/2&#8243; css=&#8220;.vc_custom_1692043267169{padding-top: 40px !important;padding-right: 60px !important;padding-left: 60px !important;}&#8220;]<div class=\"edgtf-elements-holder   edgtf-one-column  edgtf-responsive-mode-768 \" ><div class=\"edgtf-eh-item    \"  data-item-class=\"edgtf-eh-custom-3678\">\n\t<div class=\"edgtf-eh-item-inner\">\n\t\t<div class=\"edgtf-eh-item-content edgtf-eh-custom-3678\" style=\"padding: 48px 0 0 0\">\n\t\t\t[vc_column_text]<\/p>\n<h4>Neugierig machen<\/h4>\n<p>[\/vc_column_text][vc_empty_space height=&#8220;12px&#8220;][vc_column_text]<span style=\"font-size: 18px; line-height: 26px;\">Die Kapitelaufmacher mit ihren markanten Bild-Text-Kombination ziehen kraftvoll und lebensnah ins jeweilige Thema.<\/span>[\/vc_column_text]\t\t<\/div>\n\t<\/div>\n<\/div><\/div>[\/vc_column][vc_column width=&#8220;1\/2&#8243; css=&#8220;.vc_custom_1692041009416{padding-left: 0px !important;}&#8220;][vc_single_image image=&#8220;4949&#8243; img_size=&#8220;800&#215;529&#8243;][\/vc_column][\/vc_row][vc_row row_content_width=&#8220;grid&#8220;][vc_column width=&#8220;1\/2&#8243; css=&#8220;.vc_custom_1692041037338{padding-right: 0px !important;}&#8220;][vc_single_image image=&#8220;4950&#8243; img_size=&#8220;800&#215;529&#8243;][\/vc_column][vc_column width=&#8220;1\/2&#8243; css=&#8220;.vc_custom_1692043274070{padding-top: 40px !important;padding-right: 60px !important;padding-left: 60px !important;}&#8220;]<div class=\"edgtf-elements-holder   edgtf-one-column  edgtf-responsive-mode-768 \" ><div class=\"edgtf-eh-item    \"  data-item-class=\"edgtf-eh-custom-3550\">\n\t<div class=\"edgtf-eh-item-inner\">\n\t\t<div class=\"edgtf-eh-item-content edgtf-eh-custom-3550\" style=\"padding: 48px 0 0 0\">\n\t\t\t[vc_column_text]<\/p>\n<h4>Typografie<\/h4>\n<p>[\/vc_column_text][vc_empty_space height=&#8220;12px&#8220;][vc_column_text]<span style=\"font-size: 18px; line-height: 26px;\">Die Hierarchien der \u00dcberschriften sind klar strukturiert. Druckschriften mir Serifen werden in Westeuropa bis zu einem F\u00fcnftel schneller gelesen als Druckschriften ohne Serifen. Schriftmischungen optimieren zudem den Leseprozess sp\u00fcrbar. Diesen Effekt macht sich das Layout zunutze.<br \/>\n<\/span>[\/vc_column_text]\t\t<\/div>\n\t<\/div>\n<\/div><\/div>[\/vc_column][\/vc_row][vc_row row_content_width=&#8220;grid&#8220; css=&#8220;.vc_custom_1692041016109{padding-left: 0px !important;}&#8220;][vc_column width=&#8220;1\/2&#8243; css=&#8220;.vc_custom_1692043280405{padding-top: 40px !important;padding-right: 60px !important;padding-left: 60px !important;}&#8220;]<div class=\"edgtf-elements-holder   edgtf-one-column  edgtf-responsive-mode-768 \" ><div class=\"edgtf-eh-item    \"  data-item-class=\"edgtf-eh-custom-8844\">\n\t<div class=\"edgtf-eh-item-inner\">\n\t\t<div class=\"edgtf-eh-item-content edgtf-eh-custom-8844\" style=\"padding: 48px 0 0 0\">\n\t\t\t[vc_column_text]<\/p>\n<h4>Nicht langweilen<\/h4>\n<p>[\/vc_column_text][vc_empty_space height=&#8220;12px&#8220;][vc_column_text]<span style=\"font-size: 18px; line-height: 26px;\">Unterhaltsame Infotainment-Spalten bieten kurzweilige Einstiege beim ersten Durchbl\u00e4ttern. Die Spalten sind einladend und mit wenig redaktionellem Aufwand zu erstellen.<\/span>[\/vc_column_text]\t\t<\/div>\n\t<\/div>\n<\/div><\/div>[\/vc_column][vc_column width=&#8220;1\/2&#8243; css=&#8220;.vc_custom_1692041009416{padding-left: 0px !important;}&#8220;][vc_single_image image=&#8220;4951&#8243; img_size=&#8220;800&#215;529&#8243;][\/vc_column][\/vc_row][vc_row row_content_width=&#8220;grid&#8220;][vc_column width=&#8220;1\/2&#8243; css=&#8220;.vc_custom_1692041037338{padding-right: 0px !important;}&#8220;][vc_single_image image=&#8220;4952&#8243; img_size=&#8220;800&#215;529&#8243;][\/vc_column][vc_column width=&#8220;1\/2&#8243; css=&#8220;.vc_custom_1692043287258{padding-top: 40px !important;padding-right: 60px !important;padding-left: 60px !important;}&#8220;]<div class=\"edgtf-elements-holder   edgtf-one-column  edgtf-responsive-mode-768 \" ><div class=\"edgtf-eh-item    \"  data-item-class=\"edgtf-eh-custom-9195\">\n\t<div class=\"edgtf-eh-item-inner\">\n\t\t<div class=\"edgtf-eh-item-content edgtf-eh-custom-9195\" style=\"padding: 48px 0 0 0\">\n\t\t\t[vc_column_text]<\/p>\n<h4>Layoutelemente<\/h4>\n<p>[\/vc_column_text][vc_empty_space height=&#8220;12px&#8220;][vc_column_text]<span style=\"font-size: 18px; line-height: 26px;\">Tabellen, Musterrechnungen und Infopassagen f\u00fcgen sich harmonisch in die Seiten. Auch bei schwierigen Themen f\u00fchlt man sich als Leser in einer angenehmen Atmosph\u00e4re gut aufgehoben.<\/span>[\/vc_column_text]<a itemprop=\"url\" href=\"http:\/\/www.buerobrendel.de\/?page_id=4982\" target=\"_self\" style=\"color: #77746b;margin: 60px 0px 0px 250px\" class=\"edgtf-btn edgtf-btn-medium edgtf-btn-outline edgtf-btn-custom-hover-color\" data-hover-color=\"#e7e7dc\" >\n    <span class=\"edgtf-btn-text\">n\u00e4chstes Projekt \u2026<\/span>    <\/a>\t\t<\/div>\n\t<\/div>\n<\/div><\/div>[\/vc_column][\/vc_row][vc_row][vc_column][vc_empty_space height=&#8220;152px&#8220;][\/vc_column][\/vc_row]<\/p>\n","protected":false},"excerpt":{"rendered":"<p>[vc_row row_content_width=&#8220;grid&#8220; css=&#8220;.vc_custom_1692040681030{padding-top: 68px !important;padding-bottom: 52px !important;}&#8220;][vc_column][\/vc_column][\/vc_row][vc_row row_content_width=&#8220;grid&#8220;][vc_column width=&#8220;1\/2&#8243; css=&#8220;.vc_custom_1692041037338{padding-right: 0px !important;}&#8220;][vc_single_image image=&#8220;4946&#8243; img_size=&#8220;800&#215;529&#8243;][\/vc_column][vc_column width=&#8220;1\/2&#8243; css=&#8220;.vc_custom_1692041087055{padding-right: 60px !important;padding-left: 60px !important;}&#8220;][\/vc_column][\/vc_row][vc_row row_content_width=&#8220;grid&#8220; css=&#8220;.vc_custom_1692041016109{padding-left: 0px !important;}&#8220;][vc_column width=&#8220;1\/2&#8243; css=&#8220;.vc_custom_1692043245341{padding-top: 40px !important;padding-right: 60px !important;padding-left: 60px !important;}&#8220;][\/vc_column][vc_column width=&#8220;1\/2&#8243; css=&#8220;.vc_custom_1692041009416{padding-left: 0px !important;}&#8220;][vc_single_image image=&#8220;4947&#8243; img_size=&#8220;800&#215;529&#8243;][\/vc_column][\/vc_row][vc_row row_content_width=&#8220;grid&#8220;][vc_column width=&#8220;1\/2&#8243; css=&#8220;.vc_custom_1692041037338{padding-right: 0px !important;}&#8220;][vc_single_image image=&#8220;4948&#8243; img_size=&#8220;800&#215;529&#8243;][\/vc_column][vc_column width=&#8220;1\/2&#8243; css=&#8220;.vc_custom_1692043260933{padding-top: 40px !important;padding-right: 60px !important;padding-left: 60px !important;}&#8220;][\/vc_column][\/vc_row][vc_row row_content_width=&#8220;grid&#8220; css=&#8220;.vc_custom_1692041016109{padding-left: 0px !important;}&#8220;][vc_column width=&#8220;1\/2&#8243; css=&#8220;.vc_custom_1692043267169{padding-top: 40px !important;padding-right: 60px !important;padding-left: 60px !important;}&#8220;][\/vc_column][vc_column width=&#8220;1\/2&#8243; css=&#8220;.vc_custom_1692041009416{padding-left: 0px !important;}&#8220;][vc_single_image image=&#8220;4949&#8243; img_size=&#8220;800&#215;529&#8243;][\/vc_column][\/vc_row][vc_row row_content_width=&#8220;grid&#8220;][vc_column width=&#8220;1\/2&#8243; css=&#8220;.vc_custom_1692041037338{padding-right: 0px [&hellip;]<\/p>\n","protected":false},"author":1,"featured_media":0,"parent":0,"menu_order":0,"comment_status":"closed","ping_status":"closed","template":"full-width.php","meta":{"footnotes":""},"class_list":["post-4953","page","type-page","status-publish","hentry"],"_links":{"self":[{"href":"http:\/\/www.buerobrendel.de\/index.php?rest_route=\/wp\/v2\/pages\/4953","targetHints":{"allow":["GET"]}}],"collection":[{"href":"http:\/\/www.buerobrendel.de\/index.php?rest_route=\/wp\/v2\/pages"}],"about":[{"href":"http:\/\/www.buerobrendel.de\/index.php?rest_route=\/wp\/v2\/types\/page"}],"author":[{"embeddable":true,"href":"http:\/\/www.buerobrendel.de\/index.php?rest_route=\/wp\/v2\/users\/1"}],"replies":[{"embeddable":true,"href":"http:\/\/www.buerobrendel.de\/index.php?rest_route=%2Fwp%2Fv2%2Fcomments&post=4953"}],"version-history":[{"count":30,"href":"http:\/\/www.buerobrendel.de\/index.php?rest_route=\/wp\/v2\/pages\/4953\/revisions"}],"predecessor-version":[{"id":5218,"href":"http:\/\/www.buerobrendel.de\/index.php?rest_route=\/wp\/v2\/pages\/4953\/revisions\/5218"}],"wp:attachment":[{"href":"http:\/\/www.buerobrendel.de\/index.php?rest_route=%2Fwp%2Fv2%2Fmedia&parent=4953"}],"curies":[{"name":"wp","href":"https:\/\/api.w.org\/{rel}","templated":true}]}}