{"id":4982,"date":"2023-08-14T22:11:16","date_gmt":"2023-08-14T20:11:16","guid":{"rendered":"http:\/\/www.buerobrendel.de\/?page_id=4982"},"modified":"2023-08-17T13:37:24","modified_gmt":"2023-08-17T11:37:24","slug":"bb_p07_kiez","status":"publish","type":"page","link":"http:\/\/www.buerobrendel.de\/?page_id=4982","title":{"rendered":"BB_P07_Kiez"},"content":{"rendered":"<p>[vc_row row_content_width=&#8220;grid&#8220; css=&#8220;.vc_custom_1692040681030{padding-top: 68px !important;padding-bottom: 52px !important;}&#8220;][vc_column]<div class=\"edgtf-section-title-holder  edgtf-st-enable-indentation edgtf-st-enable-title-mark\" >\n\t<div class=\"edgtf-st-inner\">\n\t\t\t\t\t<h6 class=\"edgtf-st-title\" >\n\t\t\t\tkiezlogo\t\t\t<\/h6>\n\t\t\t\t\t<\/div>\n<\/div>[\/vc_column][\/vc_row][vc_row row_content_width=&#8220;grid&#8220;][vc_column width=&#8220;1\/2&#8243; css=&#8220;.vc_custom_1692041037338{padding-right: 0px !important;}&#8220;][vc_single_image image=&#8220;4941&#8243; img_size=&#8220;800&#215;529&#8243;][\/vc_column][vc_column width=&#8220;1\/2&#8243; css=&#8220;.vc_custom_1692041087055{padding-right: 60px !important;padding-left: 60px !important;}&#8220;]<div class=\"edgtf-elements-holder   edgtf-one-column  edgtf-responsive-mode-768 \" ><div class=\"edgtf-eh-item    \"  data-item-class=\"edgtf-eh-custom-3439\">\n\t<div class=\"edgtf-eh-item-inner\">\n\t\t<div class=\"edgtf-eh-item-content edgtf-eh-custom-3439\" style=\"padding: 28px 0 0 0\">\n\t\t\t[vc_column_text]<\/p>\n<h4>Mitmachen<\/h4>\n<p>[\/vc_column_text][vc_empty_space height=&#8220;12px&#8220;][vc_column_text css=&#8220;.vc_custom_1692044061867{padding-right: 20px !important;}&#8220;]<span style=\"font-size: 18px; line-height: 26px;\">Gewerbetreibende und Bewohner des Graefe-Kiezes hatten sich vorgenommen, das beliebte Kreuzberger Wohnviertel \u00fcber seine Grenzen hinaus bekannter zu machen. Um den Kiez in all seiner Breite an kulturellen, sozialen und gewerblichen Angeboten geschlossener nach au\u00dfen zu pr\u00e4sentieren, wurde von mir ein Kiezlogo entwickelt.<\/span>[\/vc_column_text]\t\t<\/div>\n\t<\/div>\n<\/div><\/div>[\/vc_column][\/vc_row][vc_row row_content_width=&#8220;grid&#8220; css=&#8220;.vc_custom_1692041016109{padding-left: 0px !important;}&#8220;][vc_column width=&#8220;1\/2&#8243; css=&#8220;.vc_custom_1692043245341{padding-top: 40px !important;padding-right: 60px !important;padding-left: 60px !important;}&#8220;]<div class=\"edgtf-elements-holder   edgtf-one-column  edgtf-responsive-mode-768 \" ><div class=\"edgtf-eh-item    \"  data-item-class=\"edgtf-eh-custom-7975\">\n\t<div class=\"edgtf-eh-item-inner\">\n\t\t<div class=\"edgtf-eh-item-content edgtf-eh-custom-7975\" style=\"padding: 48px 0 0 0\">\n\t\t\t[vc_column_text]<\/p>\n<h4>Stickern<\/h4>\n<p>[\/vc_column_text][vc_empty_space height=&#8220;12px&#8220;][vc_column_text css=&#8220;.vc_custom_1692272241509{padding-right: 80px !important;}&#8220;]<span style=\"font-size: 18px; line-height: 26px;\">Das Kiezlogo spiegelt den freundlichen und lebendigen Charakter des Viertels wider. Es steht in einer Reihe von Farbversionen zur Verf\u00fcgung, die wie kleine Farbkleckse in Aush\u00e4ngen oder als Aufkleber in diversen Gr\u00f6\u00dfen im Kiez auftauchen.<br \/>\n<\/span>[\/vc_column_text]\t\t<\/div>\n\t<\/div>\n<\/div><\/div>[\/vc_column][vc_column width=&#8220;1\/2&#8243; css=&#8220;.vc_custom_1692041009416{padding-left: 0px !important;}&#8220;][vc_single_image image=&#8220;4942&#8243; img_size=&#8220;800&#215;529&#8243;][\/vc_column][\/vc_row][vc_row row_content_width=&#8220;grid&#8220;][vc_column width=&#8220;1\/2&#8243; css=&#8220;.vc_custom_1692041037338{padding-right: 0px !important;}&#8220;][vc_single_image image=&#8220;4943&#8243; img_size=&#8220;800&#215;529&#8243;][\/vc_column][vc_column width=&#8220;1\/2&#8243; css=&#8220;.vc_custom_1692043260933{padding-top: 40px !important;padding-right: 60px !important;padding-left: 60px !important;}&#8220;]<div class=\"edgtf-elements-holder   edgtf-one-column  edgtf-responsive-mode-768 \" ><div class=\"edgtf-eh-item    \"  data-item-class=\"edgtf-eh-custom-2081\">\n\t<div class=\"edgtf-eh-item-inner\">\n\t\t<div class=\"edgtf-eh-item-content edgtf-eh-custom-2081\" style=\"padding: 48px 0 0 0\">\n\t\t\t[vc_column_text]<\/p>\n<h4>Von wegen lokal<\/h4>\n<p>[\/vc_column_text][vc_empty_space height=&#8220;12px&#8220;][vc_column_text]<span style=\"font-size: 18px; line-height: 26px;\">Das Logo wurde in \u201eLos Logos\u201c publiziert, dem Kompendium f\u00fcr zeitgem\u00e4\u00dfes Logodesign aus dem Gestalten Verlag.<\/span>[\/vc_column_text]\t\t<\/div>\n\t<\/div>\n<\/div><\/div>[\/vc_column][\/vc_row][vc_row row_content_width=&#8220;grid&#8220; css=&#8220;.vc_custom_1692041016109{padding-left: 0px !important;}&#8220;][vc_column width=&#8220;1\/2&#8243; css=&#8220;.vc_custom_1692043267169{padding-top: 40px !important;padding-right: 60px !important;padding-left: 60px !important;}&#8220;]<div class=\"edgtf-elements-holder   edgtf-one-column  edgtf-responsive-mode-768 \" ><div class=\"edgtf-eh-item    \"  data-item-class=\"edgtf-eh-custom-2610\">\n\t<div class=\"edgtf-eh-item-inner\">\n\t\t<div class=\"edgtf-eh-item-content edgtf-eh-custom-2610\" style=\"padding: 48px 0 0 0\">\n\t\t\t[vc_column_text]<\/p>\n<h4>Mitplanen<\/h4>\n<p>[\/vc_column_text][vc_empty_space height=&#8220;12px&#8220;][vc_column_text]<span style=\"font-size: 18px; line-height: 26px;\">Der Platz vor der Admiralbr\u00fccke ist mittlerweile ein touristischer Ort. Dass dies einmal anders war, beweist dieses Fundst\u00fcck. Mit einer Vorlage zum Skizzieren sollten Ideen und W\u00fcnsche f\u00fcr die damals brach liegende Fl\u00e4che gesammelt werden. Angesichts des jetzigen Gewusels kaum mehr vorstellbar.<br \/>\n<\/span>[\/vc_column_text]\t\t<\/div>\n\t<\/div>\n<\/div><\/div>[\/vc_column][vc_column width=&#8220;1\/2&#8243; css=&#8220;.vc_custom_1692041009416{padding-left: 0px !important;}&#8220;][vc_single_image image=&#8220;4944&#8243; img_size=&#8220;800&#215;529&#8243;][\/vc_column][\/vc_row][vc_row row_content_width=&#8220;grid&#8220;][vc_column width=&#8220;1\/2&#8243; css=&#8220;.vc_custom_1692041037338{padding-right: 0px !important;}&#8220;][vc_single_image image=&#8220;4945&#8243; img_size=&#8220;800&#215;529&#8243;][\/vc_column][vc_column width=&#8220;1\/2&#8243; css=&#8220;.vc_custom_1692043274070{padding-top: 40px !important;padding-right: 60px !important;padding-left: 60px !important;}&#8220;]<div class=\"edgtf-elements-holder   edgtf-one-column  edgtf-responsive-mode-768 \" ><div class=\"edgtf-eh-item    \"  data-item-class=\"edgtf-eh-custom-9956\">\n\t<div class=\"edgtf-eh-item-inner\">\n\t\t<div class=\"edgtf-eh-item-content edgtf-eh-custom-9956\" style=\"padding: 48px 0 0 0\">\n\t\t\t[vc_column_text]<\/p>\n<h4>Mitmachen<\/h4>\n<p>[\/vc_column_text][vc_empty_space height=&#8220;12px&#8220;][vc_column_text]<span style=\"font-size: 18px; line-height: 26px;\">Das Logo steht den Nachbarn f\u00fcr alle<\/span><span style=\"font-size: 18px; line-height: 26px;\"> nichtkommerziellen Anwendungen zur Verf\u00fcgung. Hier habe ich es selber f\u00fcr ein Plakat genutzt, das zum ersten \u201eKiezgipfel\u201c einlud.<br \/>\n<\/span>[\/vc_column_text]<a itemprop=\"url\" href=\"http:\/\/www.buerobrendel.de\/?page_id=4802\" target=\"_self\" style=\"color: #77746b;margin: 60px 0px 0px 250px\" class=\"edgtf-btn edgtf-btn-medium edgtf-btn-outline edgtf-btn-custom-hover-color\" data-hover-color=\"#e7e7dc\" >\n    <span class=\"edgtf-btn-text\">n\u00e4chstes Projekt \u2026<\/span>    <\/a>\t\t<\/div>\n\t<\/div>\n<\/div><\/div>[\/vc_column][\/vc_row][vc_row][vc_column][vc_empty_space height=&#8220;152px&#8220;][\/vc_column][\/vc_row]<\/p>\n","protected":false},"excerpt":{"rendered":"<p>[vc_row row_content_width=&#8220;grid&#8220; css=&#8220;.vc_custom_1692040681030{padding-top: 68px !important;padding-bottom: 52px !important;}&#8220;][vc_column][\/vc_column][\/vc_row][vc_row row_content_width=&#8220;grid&#8220;][vc_column width=&#8220;1\/2&#8243; css=&#8220;.vc_custom_1692041037338{padding-right: 0px !important;}&#8220;][vc_single_image image=&#8220;4941&#8243; img_size=&#8220;800&#215;529&#8243;][\/vc_column][vc_column width=&#8220;1\/2&#8243; css=&#8220;.vc_custom_1692041087055{padding-right: 60px !important;padding-left: 60px !important;}&#8220;][\/vc_column][\/vc_row][vc_row row_content_width=&#8220;grid&#8220; css=&#8220;.vc_custom_1692041016109{padding-left: 0px !important;}&#8220;][vc_column width=&#8220;1\/2&#8243; css=&#8220;.vc_custom_1692043245341{padding-top: 40px !important;padding-right: 60px !important;padding-left: 60px !important;}&#8220;][\/vc_column][vc_column width=&#8220;1\/2&#8243; css=&#8220;.vc_custom_1692041009416{padding-left: 0px !important;}&#8220;][vc_single_image image=&#8220;4942&#8243; img_size=&#8220;800&#215;529&#8243;][\/vc_column][\/vc_row][vc_row row_content_width=&#8220;grid&#8220;][vc_column width=&#8220;1\/2&#8243; css=&#8220;.vc_custom_1692041037338{padding-right: 0px !important;}&#8220;][vc_single_image image=&#8220;4943&#8243; img_size=&#8220;800&#215;529&#8243;][\/vc_column][vc_column width=&#8220;1\/2&#8243; css=&#8220;.vc_custom_1692043260933{padding-top: 40px !important;padding-right: 60px !important;padding-left: 60px !important;}&#8220;][\/vc_column][\/vc_row][vc_row row_content_width=&#8220;grid&#8220; css=&#8220;.vc_custom_1692041016109{padding-left: 0px !important;}&#8220;][vc_column width=&#8220;1\/2&#8243; css=&#8220;.vc_custom_1692043267169{padding-top: 40px !important;padding-right: 60px !important;padding-left: 60px !important;}&#8220;][\/vc_column][vc_column width=&#8220;1\/2&#8243; css=&#8220;.vc_custom_1692041009416{padding-left: 0px !important;}&#8220;][vc_single_image image=&#8220;4944&#8243; img_size=&#8220;800&#215;529&#8243;][\/vc_column][\/vc_row][vc_row row_content_width=&#8220;grid&#8220;][vc_column width=&#8220;1\/2&#8243; css=&#8220;.vc_custom_1692041037338{padding-right: 0px [&hellip;]<\/p>\n","protected":false},"author":1,"featured_media":0,"parent":0,"menu_order":0,"comment_status":"closed","ping_status":"closed","template":"full-width.php","meta":{"footnotes":""},"class_list":["post-4982","page","type-page","status-publish","hentry"],"_links":{"self":[{"href":"http:\/\/www.buerobrendel.de\/index.php?rest_route=\/wp\/v2\/pages\/4982","targetHints":{"allow":["GET"]}}],"collection":[{"href":"http:\/\/www.buerobrendel.de\/index.php?rest_route=\/wp\/v2\/pages"}],"about":[{"href":"http:\/\/www.buerobrendel.de\/index.php?rest_route=\/wp\/v2\/types\/page"}],"author":[{"embeddable":true,"href":"http:\/\/www.buerobrendel.de\/index.php?rest_route=\/wp\/v2\/users\/1"}],"replies":[{"embeddable":true,"href":"http:\/\/www.buerobrendel.de\/index.php?rest_route=%2Fwp%2Fv2%2Fcomments&post=4982"}],"version-history":[{"count":13,"href":"http:\/\/www.buerobrendel.de\/index.php?rest_route=\/wp\/v2\/pages\/4982\/revisions"}],"predecessor-version":[{"id":5219,"href":"http:\/\/www.buerobrendel.de\/index.php?rest_route=\/wp\/v2\/pages\/4982\/revisions\/5219"}],"wp:attachment":[{"href":"http:\/\/www.buerobrendel.de\/index.php?rest_route=%2Fwp%2Fv2%2Fmedia&parent=4982"}],"curies":[{"name":"wp","href":"https:\/\/api.w.org\/{rel}","templated":true}]}}