{"id":5235,"date":"2023-09-15T13:33:49","date_gmt":"2023-09-15T11:33:49","guid":{"rendered":"http:\/\/www.buerobrendel.de\/?page_id=5235"},"modified":"2023-09-19T11:28:16","modified_gmt":"2023-09-19T09:28:16","slug":"bb_p18_typografie","status":"publish","type":"page","link":"http:\/\/www.buerobrendel.de\/?page_id=5235","title":{"rendered":"BB_P18_Typografie"},"content":{"rendered":"<p>[vc_row row_content_width=&#8220;grid&#8220;][vc_column][rev_slider_vc alias=&#8220;slider_18_typo&#8220; enable_paspartu=&#8220;no&#8220;][\/vc_column][\/vc_row][vc_row row_content_width=&#8220;grid&#8220; css=&#8220;.vc_custom_1692006302817{padding-top: 68px !important;padding-right: 200px !important;padding-bottom: 152px !important;}&#8220;][vc_column width=&#8220;1\/3&#8243; css=&#8220;.vc_custom_1694783653535{padding-bottom: 100px !important;}&#8220;]<div class=\"edgtf-section-title-holder  edgtf-st-enable-indentation edgtf-st-enable-title-mark\" >\n\t<div class=\"edgtf-st-inner\">\n\t\t\t\t\t<h6 class=\"edgtf-st-title\" >\n\t\t\t\ttypografie\t\t\t<\/h6>\n\t\t\t\t\t<\/div>\n<\/div><div class=\"edgtf-elements-holder   edgtf-one-column  edgtf-responsive-mode-768 \" ><div class=\"edgtf-eh-item    \"  data-item-class=\"edgtf-eh-custom-6345\" >\n\t<div class=\"edgtf-eh-item-inner\">\n\t\t<div class=\"edgtf-eh-item-content edgtf-eh-custom-6345\" style=\"padding: 0 5px 0 0px\">\n\t\t\t[vc_column_text]<\/p>\n<h3 class=\"LC20lb MBeuO DKV0Md\">Qualit\u00e4t im Detail<\/h3>\n<p>[\/vc_column_text]\t\t<\/div>\n\t<\/div>\n<\/div><\/div>[\/vc_column][vc_column width=&#8220;2\/3&#8243;]<div class=\"edgtf-elements-holder   edgtf-one-column  edgtf-responsive-mode-768 \" ><\/div>[vc_column_text]Jede Schrift wirkt und spricht die Emotionen des Betrachters an. Wird Typografie wirkungsvoll eingesetzt, kann sie die Gesamtwirkung enorm beeinflussen \u2013 und wird oft bei gekonnter Anwendung kaum bemerkt. Mein wichtiges Gestaltungsziel bleibt die schnelle Lesbarkeit, jedoch versuche ich Schrift auch als Gestaltungselement einzusetzen. Im besten Fall werden ganz leicht Informationen vermittelt und dazu wird ein Gef\u00fchl erzeugt.[\/vc_column_text][vc_empty_space][\/vc_column][vc_column width=&#8220;2\/3&#8243;]<div class=\"edgtf-accordion-holder edgtf-ac-default  edgtf-toggle edgtf-ac-simple  clearfix\">\n\t<h5 class=\"edgtf-accordion-title\">\n    <span class=\"edgtf-accordion-mark\">\n\t\t<span class=\"edgtf_icon_plus icon_plus\"><\/span>\n\t\t<span class=\"edgtf_icon_minus icon_minus-06\"><\/span>\n\t<\/span>\n\t<span class=\"edgtf-tab-title\">Passende Schriften<\/span>\n<\/h5>\n<div class=\"edgtf-accordion-content\">\n\t<div class=\"edgtf-accordion-content-inner\">\n\t\t[vc_column_text]Oft macht\u2019s die Mischung: Kombinationen aus Grotesk und Antiqua oder Gr\u00f6\u00dfenunterschiede, die im goldenen Schnitt stehen. Ich besitze ein gro\u00dfes Schriftarchiv, darunter erprobte Lieblingsschriften, die sich untereinander gut verstehen.[\/vc_column_text]\t<\/div>\n<\/div><h5 class=\"edgtf-accordion-title\">\n    <span class=\"edgtf-accordion-mark\">\n\t\t<span class=\"edgtf_icon_plus icon_plus\"><\/span>\n\t\t<span class=\"edgtf_icon_minus icon_minus-06\"><\/span>\n\t<\/span>\n\t<span class=\"edgtf-tab-title\">Korrekte Zeichensetzung<\/span>\n<\/h5>\n<div class=\"edgtf-accordion-content\">\n\t<div class=\"edgtf-accordion-content-inner\">\n\t\t[vc_column_text]Anf\u00fchrungs- und Leerzeichen, horizontale Striche und Auslassungspunkte\u2026 in der etwas nerdigen Welt der Detailtypografie l\u00e4sst sich einiges falsch machen. Ein Trennstrich ist nun mal kein Gedankenstrich, und Zollzeichen sind keine Anf\u00fchrungszeichen. Ich korrigiere Ihre Texte in Hinblick auf typografisch korrekte Zeichensetzung.[\/vc_column_text]\t<\/div>\n<\/div><h5 class=\"edgtf-accordion-title\">\n    <span class=\"edgtf-accordion-mark\">\n\t\t<span class=\"edgtf_icon_plus icon_plus\"><\/span>\n\t\t<span class=\"edgtf_icon_minus icon_minus-06\"><\/span>\n\t<\/span>\n\t<span class=\"edgtf-tab-title\">Formsch\u00f6ne Umbr\u00fcche<\/span>\n<\/h5>\n<div class=\"edgtf-accordion-content\">\n\t<div class=\"edgtf-accordion-content-inner\">\n\t\t[vc_column_text]<\/p>\n<div id=\"ui-id-116\" class=\"qodef-accordion-content ui-accordion-content ui-helper-reset ui-widget-content ui-corner-bottom ui-accordion-content-active\" role=\"tabpanel\" aria-labelledby=\"ui-id-15\" aria-hidden=\"false\">\n<div class=\"qodef-accordion-content-inner\">\n<div class=\"wpb_text_column wpb_content_element \">\n<div class=\"wpb_wrapper\">\n<p>Die Zeit, um Umbr\u00fcche, Wort- und Zeichenabst\u00e4nde zu optimieren, ist hervorragend investiert. Ich glaube an die Sch\u00f6nheit eines mit Sorgfalt erstellten Feinsatzes. Einem meiner B\u00fccher wurde sogar mal \u201ehervorragender Formsatz\u201c von der Stiftung Buchkunst bescheinigt. Das ging runter wie \u00d6l!<\/p>\n<\/div>\n<\/div>\n<\/div>\n<\/div>\n<p>[\/vc_column_text]\t<\/div>\n<\/div><\/div><a itemprop=\"url\" href=\"http:\/\/www.buerobrendel.de\/?page_id=4893\" target=\"_self\" style=\"color: #77746b;margin: 20px 0px 0px 450px\" class=\"edgtf-btn edgtf-btn-medium edgtf-btn-outline edgtf-btn-custom-hover-color\" data-hover-color=\"#e7e7dc\" >\n    <span class=\"edgtf-btn-text\">n\u00e4chstes Projekt \u2026<\/span>    <\/a>[\/vc_column][\/vc_row][vc_row][vc_column][vc_empty_space height=&#8220;152px&#8220;][\/vc_column][\/vc_row]<\/p>\n","protected":false},"excerpt":{"rendered":"<p>[vc_row row_content_width=&#8220;grid&#8220;][vc_column][rev_slider_vc alias=&#8220;slider_18_typo&#8220; enable_paspartu=&#8220;no&#8220;][\/vc_column][\/vc_row][vc_row row_content_width=&#8220;grid&#8220; css=&#8220;.vc_custom_1692006302817{padding-top: 68px !important;padding-right: 200px !important;padding-bottom: 152px !important;}&#8220;][vc_column width=&#8220;1\/3&#8243; css=&#8220;.vc_custom_1694783653535{padding-bottom: 100px !important;}&#8220;][\/vc_column][vc_column width=&#8220;2\/3&#8243;][vc_column_text]Jede Schrift wirkt und spricht die Emotionen des Betrachters an. Wird Typografie wirkungsvoll eingesetzt, kann sie die Gesamtwirkung enorm beeinflussen \u2013 und wird oft bei gekonnter Anwendung kaum bemerkt. Mein wichtiges Gestaltungsziel bleibt die schnelle Lesbarkeit, jedoch versuche ich Schrift auch als Gestaltungselement einzusetzen. Im besten Fall werden ganz leicht Informationen vermittelt und dazu wird ein Gef\u00fchl erzeugt.[\/vc_column_text][vc_empty_space][\/vc_column][vc_column width=&#8220;2\/3&#8243;][\/vc_column][\/vc_row][vc_row][vc_column][vc_empty_space [&hellip;]<\/p>\n","protected":false},"author":1,"featured_media":0,"parent":0,"menu_order":0,"comment_status":"closed","ping_status":"closed","template":"full-width.php","meta":{"footnotes":""},"class_list":["post-5235","page","type-page","status-publish","hentry"],"_links":{"self":[{"href":"http:\/\/www.buerobrendel.de\/index.php?rest_route=\/wp\/v2\/pages\/5235","targetHints":{"allow":["GET"]}}],"collection":[{"href":"http:\/\/www.buerobrendel.de\/index.php?rest_route=\/wp\/v2\/pages"}],"about":[{"href":"http:\/\/www.buerobrendel.de\/index.php?rest_route=\/wp\/v2\/types\/page"}],"author":[{"embeddable":true,"href":"http:\/\/www.buerobrendel.de\/index.php?rest_route=\/wp\/v2\/users\/1"}],"replies":[{"embeddable":true,"href":"http:\/\/www.buerobrendel.de\/index.php?rest_route=%2Fwp%2Fv2%2Fcomments&post=5235"}],"version-history":[{"count":17,"href":"http:\/\/www.buerobrendel.de\/index.php?rest_route=\/wp\/v2\/pages\/5235\/revisions"}],"predecessor-version":[{"id":5256,"href":"http:\/\/www.buerobrendel.de\/index.php?rest_route=\/wp\/v2\/pages\/5235\/revisions\/5256"}],"wp:attachment":[{"href":"http:\/\/www.buerobrendel.de\/index.php?rest_route=%2Fwp%2Fv2%2Fmedia&parent=5235"}],"curies":[{"name":"wp","href":"https:\/\/api.w.org\/{rel}","templated":true}]}}